{"id":1098,"date":"2023-10-12T16:33:08","date_gmt":"2023-10-12T15:33:08","guid":{"rendered":"http:\/\/localhost\/wordpress\/?post_type=product&#038;p=1098"},"modified":"2025-12-02T16:44:46","modified_gmt":"2025-12-02T15:44:46","slug":"plastifieuse-a-chaud-lamineur-chaud","status":"publish","type":"product","link":"https:\/\/utd-tunisia.com\/UTDprint\/produit\/plastifieuse-a-chaud-lamineur-chaud\/","title":{"rendered":"PLASTIFIEUSE \u00c0 CHAUD ET \u00c0 FROID &#8211; V350 A3"},"content":{"rendered":"<h4 style=\"text-align: center;\"><span style=\"color: #3366ff;\"><strong>PLASTIFIEUSE \u00c0 CHAUD ET \u00c0 FROID &#8211; V350 A3<\/strong><\/span><\/h4>\n<h5><strong>Caract\u00e9ristiques :<\/strong><\/h5>\n<ul>\n<li><strong>Protection de s\u00e9curit\u00e9 :<\/strong> lorsque le composant de chauffage d\u00e9faillant, la d\u00e9faillance du capteur, la temp\u00e9rature d\u00e9passe la limite sup\u00e9rieure, la machine coupe automatiquement l&rsquo;alimentation de chauffage, l&rsquo;alarme, l&rsquo;affichage des cat\u00e9gories d&rsquo;erreur, dans la protection de l&rsquo;\u00e9tat. Prot\u00e8ge efficacement la s\u00e9curit\u00e9 des machines et du personnel.<\/li>\n<li><strong>Mode de chauffage simple et double face :<\/strong> mode de chauffage unilat\u00e9ral, le rouleau inf\u00e9rieur ne chauffe pas, au-del\u00e0 de la largeur du papier thermofusible ne collera pas sur le rouleau en caoutchouc, et r\u00e9duit le ph\u00e9nom\u00e8ne de flexion de stratification simple face ; le mode de chauffage double face peut \u00eatre double couche.<\/li>\n<li><strong>Contr\u00f4le \u00e9lectronique de la temp\u00e9rature :<\/strong> affichage num\u00e9rique, contr\u00f4le pr\u00e9cis de la temp\u00e9rature, protection automatique de la temp\u00e9rature constante.<\/li>\n<li>Le rouleau en caoutchouc peut s&#8217;embrayer, tension du film r\u00e9glable, \u00e9paisseur d&rsquo;alimentation du papier r\u00e9glable en continu.<\/li>\n<li>Technologie de sourdine compl\u00e8te.<\/li>\n<li>Plastification \u00e0 chaud et \u00e0 froid.<\/li>\n<li><strong>Largeur du plastifieur :<\/strong> 350 mm.<\/li>\n<\/ul>\n<p><img decoding=\"async\" class=\"alignnone\" src=\"https:\/\/encrypted-tbn0.gstatic.com\/images?q=tbn:ANd9GcTJUhVmfvmnxi_XolcvAuH9QQ6H4xlnI2C_BTVogSYg8Ibkdd1Gvsaok74LtRvU_5E62TU&amp;usqp=CAU\" alt=\"File:PDF file icon.svg - Wikipedia\" width=\"18\" height=\"22\" \/> \u00a0<a href=\"https:\/\/utd-tunisia.com\/UTDprint\/wp-content\/uploads\/2023\/10\/V-350.pdf\">Fiche Technique V-350<\/a><\/p>\n","protected":false},"excerpt":{"rendered":"<p>Le <strong>lamineur V350 A3<\/strong> est de petite taille et l\u00e9ger dans le poids. C&rsquo;est un mod\u00e8le de stratification <strong>froid et chaud<\/strong> \u00e9conomique appropri\u00e9 aux affaires, au bureau, \u00e0 l&rsquo;impression d&rsquo;ordinateur, au logo faisant, et \u00e0 l&rsquo;industrie d&rsquo;impression et d&#8217;emballage, etc.<\/p>\n<p><img decoding=\"async\" class=\"alignnone\" src=\"https:\/\/encrypted-tbn0.gstatic.com\/images?q=tbn:ANd9GcTJUhVmfvmnxi_XolcvAuH9QQ6H4xlnI2C_BTVogSYg8Ibkdd1Gvsaok74LtRvU_5E62TU&amp;usqp=CAU\" alt=\"File:PDF file icon.svg - Wikipedia\" width=\"18\" height=\"22\" \/> \u00a0<a href=\"https:\/\/utd-tunisia.com\/UTDprint\/wp-content\/uploads\/2023\/10\/V-350.pdf\">Fiche Technique V-350<\/a><\/p>\n","protected":false},"featured_media":2048,"comment_status":"open","ping_status":"closed","template":"","meta":[],"product_cat":[33],"product_tag":[],"_links":{"self":[{"href":"https:\/\/utd-tunisia.com\/UTDprint\/wp-json\/wp\/v2\/product\/1098"}],"collection":[{"href":"https:\/\/utd-tunisia.com\/UTDprint\/wp-json\/wp\/v2\/product"}],"about":[{"href":"https:\/\/utd-tunisia.com\/UTDprint\/wp-json\/wp\/v2\/types\/product"}],"replies":[{"embeddable":true,"href":"https:\/\/utd-tunisia.com\/UTDprint\/wp-json\/wp\/v2\/comments?post=1098"}],"version-history":[{"count":2,"href":"https:\/\/utd-tunisia.com\/UTDprint\/wp-json\/wp\/v2\/product\/1098\/revisions"}],"predecessor-version":[{"id":2340,"href":"https:\/\/utd-tunisia.com\/UTDprint\/wp-json\/wp\/v2\/product\/1098\/revisions\/2340"}],"wp:featuredmedia":[{"embeddable":true,"href":"https:\/\/utd-tunisia.com\/UTDprint\/wp-json\/wp\/v2\/media\/2048"}],"wp:attachment":[{"href":"https:\/\/utd-tunisia.com\/UTDprint\/wp-json\/wp\/v2\/media?parent=1098"}],"wp:term":[{"taxonomy":"product_cat","embeddable":true,"href":"https:\/\/utd-tunisia.com\/UTDprint\/wp-json\/wp\/v2\/product_cat?post=1098"},{"taxonomy":"product_tag","embeddable":true,"href":"https:\/\/utd-tunisia.com\/UTDprint\/wp-json\/wp\/v2\/product_tag?post=1098"}],"curies":[{"name":"wp","href":"https:\/\/api.w.org\/{rel}","templated":true}]}}