{"id":1136,"date":"2023-10-13T11:47:38","date_gmt":"2023-10-13T10:47:38","guid":{"rendered":"http:\/\/localhost\/wordpress\/?post_type=product&#038;p=1136"},"modified":"2025-10-11T12:16:54","modified_gmt":"2025-10-11T11:16:54","slug":"plastifieuse-chauffe-lamineur-chaud","status":"publish","type":"product","link":"https:\/\/utd-tunisia.com\/UTDprint\/produit\/plastifieuse-chauffe-lamineur-chaud\/","title":{"rendered":"PLASTIFIEUSE \u00c0 CHAUD\/FROID AVEC AFFICHAGE NUM\u00c9RIQUE &#8211; RM358"},"content":{"rendered":"<h4 style=\"text-align: center;\"><span style=\"color: #3366ff;\"><strong>PLASTIFIEUSE \u00c0 CHAUD\/FROID AVEC AFFICHAGE NUM\u00c9RIQUE &#8211; RM358<\/strong><\/span><\/h4>\n<p>Cette <strong>plastifieuse rouleau \u00e0 rouleau RM358 <\/strong>est dot\u00e9e de <strong>nombreuses fonctionnalit\u00e9s :<\/strong><\/p>\n<ul>\n<li>Affichage num\u00e9rique.<\/li>\n<li>temps de pr\u00e9chauffage r\u00e9duit.<\/li>\n<li>signaux lumineux lorsque la machine est pr\u00eate.<\/li>\n<li>rouleaux sp\u00e9ciaux pour une plastification uniforme et sans bulles.<\/li>\n<li>plastification \u00e0 chaud et \u00e0 froid et fonction inverse.<\/li>\n<li>temp\u00e9rature syst\u00e8me de contr\u00f4le et corps en plastique l\u00e9ger avec un look intelligent.<\/li>\n<li>Vous pouvez faire la stratification des deux c\u00f4t\u00e9s en m\u00eame temps en utilisant deux rouleaux de stratification thermique, c&rsquo;est-\u00e0-dire un au-dessus et un en dessous.<\/li>\n<\/ul>\n","protected":false},"excerpt":{"rendered":"<p>La machine de haute pr\u00e9cision<strong> \u00e0 chaud et \u00e0 froid<\/strong>\u00a0<b>RM 358 <\/b>est utilis\u00e9 pour la stratification des imprim\u00e9s, document important, dessin d&rsquo;ing\u00e9nierie, photographie, et etc.<br \/>\nIl est utilis\u00e9 pour la stratification \u00e0 froid de la photographie de mariage, etc.<br \/>\nC&rsquo;est le premier choix apr\u00e8s impression et \u00e9galement un <strong>\u00e9quipement parfait<\/strong> pour toutes sortes de post production de l&rsquo;impression de jet d&rsquo;encre.<\/p>\n","protected":false},"featured_media":2601,"comment_status":"open","ping_status":"closed","template":"","meta":[],"product_cat":[33],"product_tag":[],"_links":{"self":[{"href":"https:\/\/utd-tunisia.com\/UTDprint\/wp-json\/wp\/v2\/product\/1136"}],"collection":[{"href":"https:\/\/utd-tunisia.com\/UTDprint\/wp-json\/wp\/v2\/product"}],"about":[{"href":"https:\/\/utd-tunisia.com\/UTDprint\/wp-json\/wp\/v2\/types\/product"}],"replies":[{"embeddable":true,"href":"https:\/\/utd-tunisia.com\/UTDprint\/wp-json\/wp\/v2\/comments?post=1136"}],"version-history":[{"count":4,"href":"https:\/\/utd-tunisia.com\/UTDprint\/wp-json\/wp\/v2\/product\/1136\/revisions"}],"predecessor-version":[{"id":2603,"href":"https:\/\/utd-tunisia.com\/UTDprint\/wp-json\/wp\/v2\/product\/1136\/revisions\/2603"}],"wp:featuredmedia":[{"embeddable":true,"href":"https:\/\/utd-tunisia.com\/UTDprint\/wp-json\/wp\/v2\/media\/2601"}],"wp:attachment":[{"href":"https:\/\/utd-tunisia.com\/UTDprint\/wp-json\/wp\/v2\/media?parent=1136"}],"wp:term":[{"taxonomy":"product_cat","embeddable":true,"href":"https:\/\/utd-tunisia.com\/UTDprint\/wp-json\/wp\/v2\/product_cat?post=1136"},{"taxonomy":"product_tag","embeddable":true,"href":"https:\/\/utd-tunisia.com\/UTDprint\/wp-json\/wp\/v2\/product_tag?post=1136"}],"curies":[{"name":"wp","href":"https:\/\/api.w.org\/{rel}","templated":true}]}}