{"id":1139,"date":"2023-10-13T12:14:45","date_gmt":"2023-10-13T10:14:45","guid":{"rendered":"http:\/\/localhost\/wordpress\/?post_type=product&#038;p=1139"},"modified":"2025-09-13T09:36:50","modified_gmt":"2025-09-13T08:36:50","slug":"machine-de-decoupe-papier-manuel","status":"publish","type":"product","link":"https:\/\/utd-tunisia.com\/UTDprint\/produit\/machine-de-decoupe-papier-manuel\/","title":{"rendered":"MACHINE DE D\u00c9COUPE PAPIER MANUEL &#8211; VHV-868 A3"},"content":{"rendered":"<h4 style=\"text-align: center;\"><span style=\"color: #3366ff;\"><strong>MACHINE DE D\u00c9COUPE PAPIER MANUEL &#8211; VHV-868 A3<\/strong><\/span><\/h4>\n<ul>\n<li><strong>Haute pr\u00e9cision :<\/strong><br \/>\nLa machine adopte un dispositif de pressage de papier de type levier et un coupeur avec plusieurs assurances. Le bord du couteau coupe le papier de mani\u00e8re intuitive et la pr\u00e9cision est extr\u00eamement \u00e9lev\u00e9e.<\/li>\n<li><strong>Positionnement lat\u00e9ral r\u00e9glable :<\/strong><br \/>\nLa conception de positionnement lat\u00e9ral librement r\u00e9glable le rend plus pratique pour couper le papier avec diff\u00e9rents commutateurs.<\/li>\n<li><strong>Utilisation \u00e9troite, s\u00fbre et pratique :<\/strong><br \/>\nIl est tr\u00e8s pratique d&rsquo;utiliser une assurance de gros plan. La bo\u00eete \u00e0 fusibles sp\u00e9cialement con\u00e7ue est sp\u00e9cialement con\u00e7ue pour changer la lame, ce qui rend l&rsquo;utilisation plus s\u00fbre et fiable.<\/li>\n<\/ul>\n<p><a href=\"https:\/\/utd-tunisia.com\/UTDprint\/wp-content\/uploads\/2023\/10\/VHV-868-A3-1.pdf\">Fiche Technique VHV-868 A3<\/a><\/p>\n","protected":false},"excerpt":{"rendered":"<ul>\n<li>\u00a0Notre coupe-papier qui coupera <strong>facilement<\/strong> des feuilles de <strong>40mm<\/strong>.<\/li>\n<li>Ce cutter comprend une <strong>pince pond\u00e9r\u00e9e \u00e0 poign\u00e9e<\/strong> qui garantit que votre papier <strong>ne bouge pas pendant la coupe<\/strong>.<\/li>\n<li>La lame tranchante de rasoir de <strong>bonne qualit\u00e9<\/strong>, pour une coupe <strong>facile et sans force<\/strong>.<\/li>\n<\/ul>\n<p><a href=\"https:\/\/utd-tunisia.com\/UTDprint\/wp-content\/uploads\/2023\/10\/VHV-868-A3-1.pdf\">Fiche Technique VHV-868 A3<\/a><\/p>\n","protected":false},"featured_media":2043,"comment_status":"open","ping_status":"closed","template":"","meta":[],"product_cat":[34],"product_tag":[],"_links":{"self":[{"href":"https:\/\/utd-tunisia.com\/UTDprint\/wp-json\/wp\/v2\/product\/1139"}],"collection":[{"href":"https:\/\/utd-tunisia.com\/UTDprint\/wp-json\/wp\/v2\/product"}],"about":[{"href":"https:\/\/utd-tunisia.com\/UTDprint\/wp-json\/wp\/v2\/types\/product"}],"replies":[{"embeddable":true,"href":"https:\/\/utd-tunisia.com\/UTDprint\/wp-json\/wp\/v2\/comments?post=1139"}],"version-history":[{"count":2,"href":"https:\/\/utd-tunisia.com\/UTDprint\/wp-json\/wp\/v2\/product\/1139\/revisions"}],"predecessor-version":[{"id":1142,"href":"https:\/\/utd-tunisia.com\/UTDprint\/wp-json\/wp\/v2\/product\/1139\/revisions\/1142"}],"wp:featuredmedia":[{"embeddable":true,"href":"https:\/\/utd-tunisia.com\/UTDprint\/wp-json\/wp\/v2\/media\/2043"}],"wp:attachment":[{"href":"https:\/\/utd-tunisia.com\/UTDprint\/wp-json\/wp\/v2\/media?parent=1139"}],"wp:term":[{"taxonomy":"product_cat","embeddable":true,"href":"https:\/\/utd-tunisia.com\/UTDprint\/wp-json\/wp\/v2\/product_cat?post=1139"},{"taxonomy":"product_tag","embeddable":true,"href":"https:\/\/utd-tunisia.com\/UTDprint\/wp-json\/wp\/v2\/product_tag?post=1139"}],"curies":[{"name":"wp","href":"https:\/\/api.w.org\/{rel}","templated":true}]}}