{"id":1143,"date":"2023-10-13T13:39:13","date_gmt":"2023-10-13T11:39:13","guid":{"rendered":"http:\/\/localhost\/wordpress\/?post_type=product&#038;p=1143"},"modified":"2025-01-07T11:59:08","modified_gmt":"2025-01-07T10:59:08","slug":"machine-de-decoupe-de-carte-visite","status":"publish","type":"product","link":"https:\/\/utd-tunisia.com\/UTDprint\/produit\/machine-de-decoupe-de-carte-visite\/","title":{"rendered":"MACHINE DE D\u00c9COUPE DE CARTE VISITE &#8211; SSB-001"},"content":{"rendered":"<h4 style=\"text-align: center;\"><span style=\"color: #3366ff;\"><strong>MACHINE DE D\u00c9COUPE DE CARTE VISITE &#8211; SSB-001<\/strong><\/span><\/h4>\n<p>Ce <strong>coupe-carte de visite semi-automatique<\/strong> est utilis\u00e9 pour couper des cartes de visite. Il est durable pour la lame en <strong>acier<\/strong> et la lame pourrait \u00eatre factur\u00e9e par elle-m\u00eame pour s&rsquo;assurer qu&rsquo;elle sera tranchante.<\/p>\n<p>Ce coupeur coupe<strong> les cartes de visite<\/strong> et<strong> les photos<\/strong> sans bords rugueux en raison de sa structure m\u00e9canique raisonnable. Il peut \u00e9galement couper <strong>la carte ou la photo stratifi\u00e9e<\/strong>. Il est dot\u00e9 de<strong> plusieurs r\u00e9glages<\/strong> avec une belle apparence et le cutter est <strong>tr\u00e8s intelligent<\/strong>, <strong>facile \u00e0 prendre et \u00e0 utiliser.<\/strong><\/p>\n<ul>\n<li>Design \u00e9l\u00e9gant<\/li>\n<li>Facile \u00e0 utiliser, vous pouvez utiliser directement<\/li>\n<li>Balde durable pour couper 10,000 fois<\/li>\n<li>Un guide rapide et r\u00e9glable peut vous faire gagner du temps.<\/li>\n<\/ul>\n<p><a href=\"https:\/\/utd-tunisia.com\/UTDprint\/wp-content\/uploads\/2023\/10\/SSB-001-1-1.pdf\">Fiche Technique et Exemple des Produits Finis \u00ab\u00a0SSB-001\u00a0\u00bb<\/a><\/p>\n<div id=\"gtx-trans\" style=\"position: absolute; left: -60px; top: -10px;\">\n<div class=\"gtx-trans-icon\"><\/div>\n<\/div>\n","protected":false},"excerpt":{"rendered":"<p>D\u00e9coupeur de carte \u00e9lectrique semi-automatique, pratique \u00e0 utiliser.<\/p>\n<p><a href=\"https:\/\/utd-tunisia.com\/UTDprint\/wp-content\/uploads\/2023\/10\/SSB-001-1-1.pdf\">Fiche Technique et Exemple des Produits Finis \u00ab\u00a0SSB-001\u00a0\u00bb<\/a><\/p>\n","protected":false},"featured_media":2036,"comment_status":"open","ping_status":"closed","template":"","meta":[],"product_cat":[34],"product_tag":[],"_links":{"self":[{"href":"https:\/\/utd-tunisia.com\/UTDprint\/wp-json\/wp\/v2\/product\/1143"}],"collection":[{"href":"https:\/\/utd-tunisia.com\/UTDprint\/wp-json\/wp\/v2\/product"}],"about":[{"href":"https:\/\/utd-tunisia.com\/UTDprint\/wp-json\/wp\/v2\/types\/product"}],"replies":[{"embeddable":true,"href":"https:\/\/utd-tunisia.com\/UTDprint\/wp-json\/wp\/v2\/comments?post=1143"}],"version-history":[{"count":3,"href":"https:\/\/utd-tunisia.com\/UTDprint\/wp-json\/wp\/v2\/product\/1143\/revisions"}],"predecessor-version":[{"id":2314,"href":"https:\/\/utd-tunisia.com\/UTDprint\/wp-json\/wp\/v2\/product\/1143\/revisions\/2314"}],"wp:featuredmedia":[{"embeddable":true,"href":"https:\/\/utd-tunisia.com\/UTDprint\/wp-json\/wp\/v2\/media\/2036"}],"wp:attachment":[{"href":"https:\/\/utd-tunisia.com\/UTDprint\/wp-json\/wp\/v2\/media?parent=1143"}],"wp:term":[{"taxonomy":"product_cat","embeddable":true,"href":"https:\/\/utd-tunisia.com\/UTDprint\/wp-json\/wp\/v2\/product_cat?post=1143"},{"taxonomy":"product_tag","embeddable":true,"href":"https:\/\/utd-tunisia.com\/UTDprint\/wp-json\/wp\/v2\/product_tag?post=1143"}],"curies":[{"name":"wp","href":"https:\/\/api.w.org\/{rel}","templated":true}]}}