{"id":1164,"date":"2023-10-13T16:06:55","date_gmt":"2023-10-13T15:06:55","guid":{"rendered":"http:\/\/localhost\/wordpress\/?post_type=product&#038;p=1164"},"modified":"2025-10-11T12:16:24","modified_gmt":"2025-10-11T11:16:24","slug":"decoupeur-electrique","status":"publish","type":"product","link":"https:\/\/utd-tunisia.com\/UTDprint\/produit\/decoupeur-electrique\/","title":{"rendered":"D\u00c9COUPEUR \u00c9LECTRIQUE &#8211; G450V+"},"content":{"rendered":"<h4 style=\"text-align: center;\"><strong><span style=\"color: #3366ff;\">D\u00c9COUPEUR \u00c9LECTRIQUE &#8211; G450V+<\/span><\/strong><\/h4>\n<p>Avec un bouton-poussoir, principal dispositif de verrouillage et de r\u00e9armement automatique fonction garder le fonctionnement absolument s\u00fbr,\u00a0 Adopter une forte et durable en acier lame.<\/p>\n<p>Serrure de s\u00e9curit\u00e9 et couvre assurer le fonctionnement s\u00fbr et sa fonction unique d\u00e9faut d\u2019autotest permet une utilisation plus pratique.<\/p>\n<ol>\n<li>Serrage manuel et pousser le papier.<\/li>\n<li>Infrarouge pour l\u2019op\u00e9ration de s\u00e9curit\u00e9.<\/li>\n<li>Lame de profondeur peut \u00eatre ajust\u00e9e de l\u2019ext\u00e9rieur de la machine.<\/li>\n<li>Optique ligne de coupe.<\/li>\n<\/ol>\n<p><a href=\"https:\/\/utd-tunisia.com\/UTDprint\/wp-content\/uploads\/2023\/10\/G450V-2.pdf\">Fiche Technique \u00ab\u00a0G450V+\u00a0\u00bb<\/a><\/p>\n","protected":false},"excerpt":{"rendered":"<p><strong>G450V+<\/strong> est une machine de d\u00e9coupe de papier avec presseur de papier \u00e0 ressorts et poussoir de papier manuel, il est pour couper des feuilles de papier, des livres et des albums photo.<\/p>\n<p><a href=\"https:\/\/utd-tunisia.com\/UTDprint\/wp-content\/uploads\/2023\/10\/G450V-2.pdf\">Fiche Technique \u00ab\u00a0G450V+\u00a0\u00bb<\/a><\/p>\n","protected":false},"featured_media":2033,"comment_status":"open","ping_status":"closed","template":"","meta":[],"product_cat":[34],"product_tag":[],"_links":{"self":[{"href":"https:\/\/utd-tunisia.com\/UTDprint\/wp-json\/wp\/v2\/product\/1164"}],"collection":[{"href":"https:\/\/utd-tunisia.com\/UTDprint\/wp-json\/wp\/v2\/product"}],"about":[{"href":"https:\/\/utd-tunisia.com\/UTDprint\/wp-json\/wp\/v2\/types\/product"}],"replies":[{"embeddable":true,"href":"https:\/\/utd-tunisia.com\/UTDprint\/wp-json\/wp\/v2\/comments?post=1164"}],"version-history":[{"count":5,"href":"https:\/\/utd-tunisia.com\/UTDprint\/wp-json\/wp\/v2\/product\/1164\/revisions"}],"predecessor-version":[{"id":2304,"href":"https:\/\/utd-tunisia.com\/UTDprint\/wp-json\/wp\/v2\/product\/1164\/revisions\/2304"}],"wp:featuredmedia":[{"embeddable":true,"href":"https:\/\/utd-tunisia.com\/UTDprint\/wp-json\/wp\/v2\/media\/2033"}],"wp:attachment":[{"href":"https:\/\/utd-tunisia.com\/UTDprint\/wp-json\/wp\/v2\/media?parent=1164"}],"wp:term":[{"taxonomy":"product_cat","embeddable":true,"href":"https:\/\/utd-tunisia.com\/UTDprint\/wp-json\/wp\/v2\/product_cat?post=1164"},{"taxonomy":"product_tag","embeddable":true,"href":"https:\/\/utd-tunisia.com\/UTDprint\/wp-json\/wp\/v2\/product_tag?post=1164"}],"curies":[{"name":"wp","href":"https:\/\/api.w.org\/{rel}","templated":true}]}}