{"id":1192,"date":"2023-10-14T10:45:24","date_gmt":"2023-10-14T08:45:24","guid":{"rendered":"http:\/\/localhost\/wordpress\/?post_type=product&#038;p=1192"},"modified":"2025-12-08T17:21:33","modified_gmt":"2025-12-08T16:21:33","slug":"double-boucle-fil-peigne-poinconnage-et-reliure-machine","status":"publish","type":"product","link":"https:\/\/utd-tunisia.com\/UTDprint\/produit\/double-boucle-fil-peigne-poinconnage-et-reliure-machine\/","title":{"rendered":"DOUBLE BOUCLE FIL PEIGNE POIN\u00c7ONNAGE ET RELIURE MACHINE &#8211; SG-WW2018"},"content":{"rendered":"<h5 style=\"text-align: center;\"><strong><span style=\"color: #3366ff;\">DOUBLE BOUCLE FIL PEIGNE POIN\u00c7ONNAGE ET RELIURE MACHINE &#8211; SG-WW2018<\/span><\/strong><\/h5>\n<p>Cette machine \u00e0 relier a une conception <strong>l\u00e9g\u00e8re<\/strong> pour la portabilit\u00e9 dans l&rsquo;espace de travail, ce qui en fait un excellent ajout \u00e0 toute \u00e9cole ou petit bureau.<br \/>\nIl peut facilement cr\u00e9er un rapport d&rsquo;aspect <strong>professionnel<\/strong> avec une reliure de<strong> haute qualit\u00e9.<\/strong><br \/>\nL&rsquo;op\u00e9ration est <strong>pratique<\/strong>,<strong> \u00e9conome en main-d&rsquo;\u0153uvre<\/strong> et<strong> rapide<\/strong>.<br \/>\nReliure perfor\u00e9e, utilisation pratique et \u00e9conomique, adapt\u00e9e \u00e0 diff\u00e9rentes occasions.<br \/>\nApr\u00e8s le poin\u00e7onnage, il est rang\u00e9 raisonnablement et facile \u00e0 nettoyer.<\/p>\n<p><a href=\"https:\/\/utd-tunisia.com\/UTDprint\/wp-content\/uploads\/2023\/10\/DOUBLE-BOUCLE-DOUBLE-CHOIX-1.pdf\">Fiche Technique et Exemple des Produits Finis \u00ab\u00a0SG-WW2018\u00a0\u00bb<\/a><\/p>\n","protected":false},"excerpt":{"rendered":"<p><strong>2:1<\/strong> machine \u00e0 relier \u00e0 Double fil <strong>3:1<\/strong> est une m\u00e9thode de reliure de livre.<\/p>\n<p>Connue sous un certain nombre de noms diff\u00e9rents, y compris le<strong> fil \u00e0 double boucle<\/strong>. Avec cette m\u00e9thode de reliure, les utilisateurs ins\u00e8rent leurs pages perfor\u00e9es sur une colonne vert\u00e9brale en forme de \u00abC\u00bb. Les Documents li\u00e9s par une reliure de fil peuvent s&rsquo;ouvrir compl\u00e8tement <strong>\u00e0 plat<\/strong> sur un bureau et permettre une rotation \u00e0 <strong>360 degr\u00e9s<\/strong> des pages reli\u00e9es.<\/p>\n<p><a href=\"https:\/\/utd-tunisia.com\/UTDprint\/wp-content\/uploads\/2023\/10\/DOUBLE-BOUCLE-DOUBLE-CHOIX-1.pdf\">Fiche Technique et Exemple des Produits Finis \u00ab\u00a0SG-WW2018\u00a0\u00bb<\/a><\/p>\n","protected":false},"featured_media":1997,"comment_status":"open","ping_status":"closed","template":"","meta":[],"product_cat":[35],"product_tag":[],"_links":{"self":[{"href":"https:\/\/utd-tunisia.com\/UTDprint\/wp-json\/wp\/v2\/product\/1192"}],"collection":[{"href":"https:\/\/utd-tunisia.com\/UTDprint\/wp-json\/wp\/v2\/product"}],"about":[{"href":"https:\/\/utd-tunisia.com\/UTDprint\/wp-json\/wp\/v2\/types\/product"}],"replies":[{"embeddable":true,"href":"https:\/\/utd-tunisia.com\/UTDprint\/wp-json\/wp\/v2\/comments?post=1192"}],"version-history":[{"count":3,"href":"https:\/\/utd-tunisia.com\/UTDprint\/wp-json\/wp\/v2\/product\/1192\/revisions"}],"predecessor-version":[{"id":2310,"href":"https:\/\/utd-tunisia.com\/UTDprint\/wp-json\/wp\/v2\/product\/1192\/revisions\/2310"}],"wp:featuredmedia":[{"embeddable":true,"href":"https:\/\/utd-tunisia.com\/UTDprint\/wp-json\/wp\/v2\/media\/1997"}],"wp:attachment":[{"href":"https:\/\/utd-tunisia.com\/UTDprint\/wp-json\/wp\/v2\/media?parent=1192"}],"wp:term":[{"taxonomy":"product_cat","embeddable":true,"href":"https:\/\/utd-tunisia.com\/UTDprint\/wp-json\/wp\/v2\/product_cat?post=1192"},{"taxonomy":"product_tag","embeddable":true,"href":"https:\/\/utd-tunisia.com\/UTDprint\/wp-json\/wp\/v2\/product_tag?post=1192"}],"curies":[{"name":"wp","href":"https:\/\/api.w.org\/{rel}","templated":true}]}}