{"id":1196,"date":"2023-10-14T11:33:18","date_gmt":"2023-10-14T10:33:18","guid":{"rendered":"http:\/\/localhost\/wordpress\/?post_type=product&#038;p=1196"},"modified":"2025-10-11T12:15:59","modified_gmt":"2025-10-11T11:15:59","slug":"poinconnage-manuel-et-reliure-peigne-en-acier-machine-a-relier","status":"publish","type":"product","link":"https:\/\/utd-tunisia.com\/UTDprint\/produit\/poinconnage-manuel-et-reliure-peigne-en-acier-machine-a-relier\/","title":{"rendered":"POIN\u00c7ONNAGE MANUEL ET RELIURE PEIGNE EN ACIER &#8211; UZA308"},"content":{"rendered":"<h4 style=\"text-align: center;\"><strong><span style=\"color: #3366ff;\">POIN\u00c7ONNAGE MANUEL ET RELIURE PEIGNE EN ACIER &#8211; UZA308<\/span><\/strong><\/h4>\n<p>Il s&rsquo;agit d&rsquo;une machine <strong>\u00e0 perforer et \u00e0 relier<\/strong>. La base est en <strong>m\u00e9tal<\/strong> et le couvercle est en<strong> plastique ABS<\/strong>, <strong>solide et r\u00e9sistant<\/strong>.<\/p>\n<p>La machine peut perforer environ<strong> 15 feuilles<\/strong> de papier A4 70-80g et relier environ <strong>250 feuilles<\/strong> de papier A4 70-80g avec un anneau en peigne de <strong>25 mm.<\/strong><\/p>\n<p>Pour lier un document, l&rsquo;utilisateur perce d&rsquo;abord des trous dans le papier avec une perforatrice sp\u00e9cialis\u00e9e. Alors l&rsquo;utilisateur choisit une taille de colonne vert\u00e9brale qui correspondra au document.<br \/>\nLes anneaux sur la colonne vert\u00e9brale s&rsquo;ouvrent et s&rsquo;ins\u00e8rent dans les trous de la page, puis reposent contre le corps de la colonne vert\u00e9brale, ce qui entra\u00eene une fermeture qui peut \u00eatre rouverte pour apporter des modifications au livre.<\/p>\n<p><img decoding=\"async\" class=\"alignnone\" src=\"https:\/\/encrypted-tbn0.gstatic.com\/images?q=tbn:ANd9GcTJUhVmfvmnxi_XolcvAuH9QQ6H4xlnI2C_BTVogSYg8Ibkdd1Gvsaok74LtRvU_5E62TU&amp;usqp=CAU\" alt=\"File:PDF file icon.svg - Wikipedia\" width=\"18\" height=\"22\" \/> \u00a0<a href=\"https:\/\/utd-tunisia.com\/UTDprint\/wp-content\/uploads\/2023\/10\/UZA308.pdf\">Fiche Technique UZA308<\/a><\/p>\n","protected":false},"excerpt":{"rendered":"<p>La <strong>Poin\u00e7onnage manuel et reliure Peigne en acier<\/strong> est l&rsquo;une des nombreuses fa\u00e7ons de lier les pages entre elles dans un livre.<\/p>\n<p>Elle convient \u00e0 l&rsquo;\u00e9cole, au bureau et \u00e0 la maison, et permet de cr\u00e9er rapidement un carnet de notes.<\/p>\n<p><img decoding=\"async\" class=\"alignnone\" src=\"https:\/\/encrypted-tbn0.gstatic.com\/images?q=tbn:ANd9GcTJUhVmfvmnxi_XolcvAuH9QQ6H4xlnI2C_BTVogSYg8Ibkdd1Gvsaok74LtRvU_5E62TU&amp;usqp=CAU\" alt=\"File:PDF file icon.svg - Wikipedia\" width=\"18\" height=\"22\" \/> \u00a0<a href=\"https:\/\/utd-tunisia.com\/UTDprint\/wp-content\/uploads\/2023\/10\/UZA308.pdf\">Fiche Technique UZA308<\/a><\/p>\n","protected":false},"featured_media":2024,"comment_status":"open","ping_status":"closed","template":"","meta":[],"product_cat":[35],"product_tag":[],"_links":{"self":[{"href":"https:\/\/utd-tunisia.com\/UTDprint\/wp-json\/wp\/v2\/product\/1196"}],"collection":[{"href":"https:\/\/utd-tunisia.com\/UTDprint\/wp-json\/wp\/v2\/product"}],"about":[{"href":"https:\/\/utd-tunisia.com\/UTDprint\/wp-json\/wp\/v2\/types\/product"}],"replies":[{"embeddable":true,"href":"https:\/\/utd-tunisia.com\/UTDprint\/wp-json\/wp\/v2\/comments?post=1196"}],"version-history":[{"count":2,"href":"https:\/\/utd-tunisia.com\/UTDprint\/wp-json\/wp\/v2\/product\/1196\/revisions"}],"predecessor-version":[{"id":2338,"href":"https:\/\/utd-tunisia.com\/UTDprint\/wp-json\/wp\/v2\/product\/1196\/revisions\/2338"}],"wp:featuredmedia":[{"embeddable":true,"href":"https:\/\/utd-tunisia.com\/UTDprint\/wp-json\/wp\/v2\/media\/2024"}],"wp:attachment":[{"href":"https:\/\/utd-tunisia.com\/UTDprint\/wp-json\/wp\/v2\/media?parent=1196"}],"wp:term":[{"taxonomy":"product_cat","embeddable":true,"href":"https:\/\/utd-tunisia.com\/UTDprint\/wp-json\/wp\/v2\/product_cat?post=1196"},{"taxonomy":"product_tag","embeddable":true,"href":"https:\/\/utd-tunisia.com\/UTDprint\/wp-json\/wp\/v2\/product_tag?post=1196"}],"curies":[{"name":"wp","href":"https:\/\/api.w.org\/{rel}","templated":true}]}}