{"id":1197,"date":"2023-10-14T11:39:07","date_gmt":"2023-10-14T10:39:07","guid":{"rendered":"http:\/\/localhost\/wordpress\/?post_type=product&#038;p=1197"},"modified":"2025-12-04T14:49:25","modified_gmt":"2025-12-04T13:49:25","slug":"colle-machine-a-relier","status":"publish","type":"product","link":"https:\/\/utd-tunisia.com\/UTDprint\/produit\/colle-machine-a-relier\/","title":{"rendered":"MACHINE DE COLLE RELIEUR \u00c0 CHAUD &#8211; JB-4"},"content":{"rendered":"<h4 style=\"text-align: center;\"><strong><span style=\"color: #3366ff;\">MACHINE DE COLLE RELIEUR \u00c0 CHAUD &#8211; JB-4<\/span><\/strong><\/h4>\n<ul>\n<li>La solution parfaite pour tous vos besoins de reliure.<\/li>\n<li>Equip\u00e9 d&rsquo;un thermom\u00e8tre, avec des fonctions de temp\u00e9rature.<\/li>\n<li>Cette machine est incroyablement facile \u00e0 utiliser par une seule personne, avec aucune formation sp\u00e9ciale requise.<\/li>\n<li>Fonctionnement silencieux et efficace de la performance.<\/li>\n<li>Economique et pratique.<\/li>\n<\/ul>\n<p><img decoding=\"async\" class=\"alignnone\" src=\"https:\/\/encrypted-tbn0.gstatic.com\/images?q=tbn:ANd9GcTJUhVmfvmnxi_XolcvAuH9QQ6H4xlnI2C_BTVogSYg8Ibkdd1Gvsaok74LtRvU_5E62TU&amp;usqp=CAU\" alt=\"File:PDF file icon.svg - Wikipedia\" width=\"18\" height=\"22\" \/> \u00a0<a href=\"https:\/\/utd-tunisia.com\/UTDprint\/wp-content\/uploads\/2023\/10\/Colle-machine-a-relier-jb4.pdf\">Fiche Technique JB-4<\/a><\/p>\n","protected":false},"excerpt":{"rendered":"<p>C&rsquo;est le type de reliure optimal que nous recommandons aux reprographes, imprimeurs, grande entreprise et administrations.<\/p>\n<p><img decoding=\"async\" class=\"alignnone\" src=\"https:\/\/encrypted-tbn0.gstatic.com\/images?q=tbn:ANd9GcTJUhVmfvmnxi_XolcvAuH9QQ6H4xlnI2C_BTVogSYg8Ibkdd1Gvsaok74LtRvU_5E62TU&amp;usqp=CAU\" alt=\"File:PDF file icon.svg - Wikipedia\" width=\"18\" height=\"22\" \/> \u00a0<a href=\"https:\/\/utd-tunisia.com\/UTDprint\/wp-content\/uploads\/2023\/10\/Colle-machine-a-relier-jb4.pdf\">Fiche Technique JB-4<\/a><\/p>\n","protected":false},"featured_media":2023,"comment_status":"open","ping_status":"closed","template":"","meta":[],"product_cat":[35],"product_tag":[],"_links":{"self":[{"href":"https:\/\/utd-tunisia.com\/UTDprint\/wp-json\/wp\/v2\/product\/1197"}],"collection":[{"href":"https:\/\/utd-tunisia.com\/UTDprint\/wp-json\/wp\/v2\/product"}],"about":[{"href":"https:\/\/utd-tunisia.com\/UTDprint\/wp-json\/wp\/v2\/types\/product"}],"replies":[{"embeddable":true,"href":"https:\/\/utd-tunisia.com\/UTDprint\/wp-json\/wp\/v2\/comments?post=1197"}],"version-history":[{"count":2,"href":"https:\/\/utd-tunisia.com\/UTDprint\/wp-json\/wp\/v2\/product\/1197\/revisions"}],"predecessor-version":[{"id":2337,"href":"https:\/\/utd-tunisia.com\/UTDprint\/wp-json\/wp\/v2\/product\/1197\/revisions\/2337"}],"wp:featuredmedia":[{"embeddable":true,"href":"https:\/\/utd-tunisia.com\/UTDprint\/wp-json\/wp\/v2\/media\/2023"}],"wp:attachment":[{"href":"https:\/\/utd-tunisia.com\/UTDprint\/wp-json\/wp\/v2\/media?parent=1197"}],"wp:term":[{"taxonomy":"product_cat","embeddable":true,"href":"https:\/\/utd-tunisia.com\/UTDprint\/wp-json\/wp\/v2\/product_cat?post=1197"},{"taxonomy":"product_tag","embeddable":true,"href":"https:\/\/utd-tunisia.com\/UTDprint\/wp-json\/wp\/v2\/product_tag?post=1197"}],"curies":[{"name":"wp","href":"https:\/\/api.w.org\/{rel}","templated":true}]}}