{"id":1198,"date":"2023-10-14T11:44:53","date_gmt":"2023-10-14T10:44:53","guid":{"rendered":"http:\/\/localhost\/wordpress\/?post_type=product&#038;p=1198"},"modified":"2024-04-16T11:26:31","modified_gmt":"2024-04-16T10:26:31","slug":"agrafeuse-electrique-de-papier-a3-et-machine-pliante-2en-1","status":"publish","type":"product","link":"https:\/\/utd-tunisia.com\/UTDprint\/produit\/agrafeuse-electrique-de-papier-a3-et-machine-pliante-2en-1\/","title":{"rendered":"AGRAFEUSE \u00c9LECTRIQUE DE PAPIER A3 ET MACHINE PLIANTE 2EN 1 &#8211; ZY-2"},"content":{"rendered":"<h4 style=\"text-align: center;\"><span style=\"color: #3366ff;\">AGRAFEUSE \u00c9LECTRIQUE DE PAPIER A3 ET MACHINE PLIANTE 2EN 1 &#8211; ZY-2<\/span><\/h4>\n<h5><strong>Caract\u00e9ristiques :<\/strong><\/h5>\n<ul>\n<li><strong>B\u00e2ton en caoutchouc \u00e9pais :<\/strong> le design filet\u00e9 du b\u00e2ton en caoutchouc augmente la friction entre celui-ci et le papier, ce qui est plus appropri\u00e9 pour le papier plaqu\u00e9 cuivre.<\/li>\n<li><strong>Poign\u00e9e fabriqu\u00e9e en acier :<\/strong> la poign\u00e9e est fabriqu\u00e9e en acier de haute qualit\u00e9 et est con\u00e7ue pour \u00e9conomiser de la main-d&rsquo;\u0153uvre.<\/li>\n<li><strong>Agrafeuse r\u00e9glable :<\/strong> l&rsquo;espacement entre les deux agrafeuses est r\u00e9glable selon vos besoins.<\/li>\n<li><strong>D\u00e9flecteur r\u00e9glable :<\/strong> pouvant \u00eatre ajust\u00e9 en fonction de la taille du papier.<\/li>\n<li><strong>Coque \u00e9paisse et durable<\/strong> &#8211; Corps \u00e9pais avec surface peinte en jaune pour plus de durabilit\u00e9 et de beaut\u00e9.<\/li>\n<li><strong>Pieds en caoutchouc :<\/strong> les pieds de la machine sont fabriqu\u00e9s en caoutchouc, ce qui la rend plus stable et antid\u00e9rapante.<\/li>\n<li>T\u00eate de reliure de <strong>haute qualit\u00e9, longue dur\u00e9e de vie, agrafe magnifiquement form\u00e9e.<\/strong><\/li>\n<\/ul>\n<p><a href=\"https:\/\/utd-tunisia.com\/UTDprint\/wp-content\/uploads\/2023\/10\/ZY-2-2.pdf\">Fiche Technique et Exemple des Produits Finis \u00ab\u00a0ZY-2\u00a0\u00bb<\/a><\/p>\n","protected":false},"excerpt":{"rendered":"<p>La <strong>ZY-2<\/strong> peut r\u00e9pondre pleinement aux besoins de l&rsquo;impression de bureau, les usines d&rsquo;impression de petite et moyenne taille et les \u00e9coles.<\/p>\n<p><a href=\"https:\/\/utd-tunisia.com\/UTDprint\/wp-content\/uploads\/2023\/10\/ZY-2-2.pdf\">Fiche Technique et Exemple des Produits Finis \u00ab\u00a0ZY-2\u00a0\u00bb<\/a><\/p>\n<p>&nbsp;<\/p>\n","protected":false},"featured_media":2017,"comment_status":"open","ping_status":"closed","template":"","meta":[],"product_cat":[42],"product_tag":[],"_links":{"self":[{"href":"https:\/\/utd-tunisia.com\/UTDprint\/wp-json\/wp\/v2\/product\/1198"}],"collection":[{"href":"https:\/\/utd-tunisia.com\/UTDprint\/wp-json\/wp\/v2\/product"}],"about":[{"href":"https:\/\/utd-tunisia.com\/UTDprint\/wp-json\/wp\/v2\/types\/product"}],"replies":[{"embeddable":true,"href":"https:\/\/utd-tunisia.com\/UTDprint\/wp-json\/wp\/v2\/comments?post=1198"}],"version-history":[{"count":5,"href":"https:\/\/utd-tunisia.com\/UTDprint\/wp-json\/wp\/v2\/product\/1198\/revisions"}],"predecessor-version":[{"id":2312,"href":"https:\/\/utd-tunisia.com\/UTDprint\/wp-json\/wp\/v2\/product\/1198\/revisions\/2312"}],"wp:featuredmedia":[{"embeddable":true,"href":"https:\/\/utd-tunisia.com\/UTDprint\/wp-json\/wp\/v2\/media\/2017"}],"wp:attachment":[{"href":"https:\/\/utd-tunisia.com\/UTDprint\/wp-json\/wp\/v2\/media?parent=1198"}],"wp:term":[{"taxonomy":"product_cat","embeddable":true,"href":"https:\/\/utd-tunisia.com\/UTDprint\/wp-json\/wp\/v2\/product_cat?post=1198"},{"taxonomy":"product_tag","embeddable":true,"href":"https:\/\/utd-tunisia.com\/UTDprint\/wp-json\/wp\/v2\/product_tag?post=1198"}],"curies":[{"name":"wp","href":"https:\/\/api.w.org\/{rel}","templated":true}]}}