{"id":1677,"date":"2023-10-23T16:27:01","date_gmt":"2023-10-23T15:27:01","guid":{"rendered":"https:\/\/utd-tunisia.com\/UTDprint\/?post_type=product&#038;p=1677"},"modified":"2026-01-30T14:10:32","modified_gmt":"2026-01-30T13:10:32","slug":"machine-a-couverture-rigide","status":"publish","type":"product","link":"https:\/\/utd-tunisia.com\/UTDprint\/produit\/machine-a-couverture-rigide\/","title":{"rendered":"MACHINE \u00c0 COUVERTURE RIGIDE &#8211; DC-100K"},"content":{"rendered":"<h4 style=\"text-align: center;\"><span style=\"color: #3366ff;\">MACHINE \u00c0 COUVERTURE RIGIDE &#8211; DC-100K<\/span><\/h4>\n<p>Machine de fabrication d&rsquo;\u00e9tui de livre de couverture rigide de positionnement central de taille <strong>A3 avec coupeur d&rsquo;angle<\/strong>.<\/p>\n<p>Il convient \u00e0 la production de mallettes, d&rsquo;enveloppes, des livres \u00e0 couverture rigide, des livres d&rsquo;ench\u00e8re, des albums photo\u2026<\/p>\n<p>Le positionnement du centre de projection de lumi\u00e8re douce, le couvercle d&rsquo;adsorption de pression n\u00e9gative, le carton et le panneau de diam\u00e8tre moyen peuvent \u00eatre ajust\u00e9s et positionn\u00e9s avec pr\u00e9cision.<\/p>\n<p><a href=\"https:\/\/utd-tunisia.com\/UTDprint\/wp-content\/uploads\/2023\/10\/DC-100K-2.pdf\">Fiche Technique et Exemple des Produits Finis \u00ab\u00a0DC-100K\u00a0\u00bb<\/a><\/p>\n","protected":false},"excerpt":{"rendered":"<p>Les professionnels de l&rsquo;impression et de la reliure savent que le secret d&rsquo;une client\u00e8le satisfaite et fid\u00e8le r\u00e9side dans la qualit\u00e9 du produit fini. Les clients exigent davantage de personnalisation pour que les documents de leur entreprise se distinguent de ceux de la concurrence. L&rsquo;image de l&rsquo;entreprise est primordiale.<\/p>\n<p>Imaginez que vous puissiez cr\u00e9er une couverture rigide enti\u00e8rement d\u00e9cor\u00e9e \u00e0 la demande en quelques minutes ! Vous n&rsquo;\u00eates limit\u00e9 que par votre imagination. Imprimez des photos, des logos, des illustrations ou du texte. Laissez vos clients contr\u00f4ler leur image plut\u00f4t que d&rsquo;\u00eatre limit\u00e9s par la technologie.<\/p>\n<p><a href=\"https:\/\/utd-tunisia.com\/UTDprint\/wp-content\/uploads\/2023\/10\/DC-100K-2.pdf\">Fiche Technique et Exemple des Produits Finis \u00ab\u00a0DC-100K\u00a0\u00bb<\/a><\/p>\n","protected":false},"featured_media":2007,"comment_status":"open","ping_status":"closed","template":"","meta":[],"product_cat":[37],"product_tag":[],"_links":{"self":[{"href":"https:\/\/utd-tunisia.com\/UTDprint\/wp-json\/wp\/v2\/product\/1677"}],"collection":[{"href":"https:\/\/utd-tunisia.com\/UTDprint\/wp-json\/wp\/v2\/product"}],"about":[{"href":"https:\/\/utd-tunisia.com\/UTDprint\/wp-json\/wp\/v2\/types\/product"}],"replies":[{"embeddable":true,"href":"https:\/\/utd-tunisia.com\/UTDprint\/wp-json\/wp\/v2\/comments?post=1677"}],"version-history":[{"count":3,"href":"https:\/\/utd-tunisia.com\/UTDprint\/wp-json\/wp\/v2\/product\/1677\/revisions"}],"predecessor-version":[{"id":2301,"href":"https:\/\/utd-tunisia.com\/UTDprint\/wp-json\/wp\/v2\/product\/1677\/revisions\/2301"}],"wp:featuredmedia":[{"embeddable":true,"href":"https:\/\/utd-tunisia.com\/UTDprint\/wp-json\/wp\/v2\/media\/2007"}],"wp:attachment":[{"href":"https:\/\/utd-tunisia.com\/UTDprint\/wp-json\/wp\/v2\/media?parent=1677"}],"wp:term":[{"taxonomy":"product_cat","embeddable":true,"href":"https:\/\/utd-tunisia.com\/UTDprint\/wp-json\/wp\/v2\/product_cat?post=1677"},{"taxonomy":"product_tag","embeddable":true,"href":"https:\/\/utd-tunisia.com\/UTDprint\/wp-json\/wp\/v2\/product_tag?post=1677"}],"curies":[{"name":"wp","href":"https:\/\/api.w.org\/{rel}","templated":true}]}}