{"id":1680,"date":"2023-10-23T16:41:24","date_gmt":"2023-10-23T15:41:24","guid":{"rendered":"https:\/\/utd-tunisia.com\/UTDprint\/?post_type=product&#038;p=1680"},"modified":"2024-04-16T11:18:49","modified_gmt":"2024-04-16T10:18:49","slug":"machine-a-relier-metallique","status":"publish","type":"product","link":"https:\/\/utd-tunisia.com\/UTDprint\/produit\/machine-a-relier-metallique\/","title":{"rendered":"MACHINE \u00c0 RELIER M\u00c9TALLIQUE -U516"},"content":{"rendered":"<h4 style=\"text-align: center;\"><span style=\"color: #3366ff;\">MACHINE \u00c0 RELIER M\u00c9TALLIQUE -U516<\/span><\/h4>\n<p>Parfait pour un <strong>bureau<\/strong> ou un centre de <strong>photocopie<\/strong> avec une petite charge de travail.\u00a0Il a un format <strong>illimit\u00e9<\/strong>, ce qui vous permet d&rsquo;assembler des formats de <strong>n&rsquo;importe quelle longueur<\/strong> en plusieurs \u00e9tapes.\u00a0R\u00e9glage de la pince \u00e0 ressort.\u00a0Excellent rapport<strong> qualit\u00e9-prix<\/strong>.<\/p>\n<p>Il n&rsquo;y a aucune limite de format pour le poin\u00e7onnage et le sertissage \u00e0 ressort, ce qui vous permet de coudre des formats de n&rsquo;i<strong>mporte quelle longueur en quelques \u00e9tapes seulement.<\/strong><br \/>\nLe r\u00e9glage de la perforation d\u00e9cal\u00e9e du bord (<strong>2, 4, 6 mm<\/strong>) permet d&rsquo;\u00e9viter de d\u00e9chirer des trous dans une reliure \u00e9paisse et de pr\u00e9server l&rsquo;aspect <strong>esth\u00e9tique<\/strong> d&rsquo;une brochure fine. L&rsquo;aimant int\u00e9gr\u00e9 au dispositif de sertissage \u00e0 ressort maintient efficacement le document pendant l\u2019agrafage.<\/p>\n<p><a href=\"https:\/\/utd-tunisia.com\/UTDprint\/wp-content\/uploads\/2023\/10\/U516.pdf\">Fiche Technique et Exemple des Produits Finis \u00ab\u00a0U516\u00a0\u00bb<\/a><\/p>\n","protected":false},"excerpt":{"rendered":"<p>Le classeur \u00e0 ressorts m\u00e9talliques <strong>U516<\/strong> se caract\u00e9rise par une r\u00e9sistance accrue \u00e0 l&rsquo;usure et des caract\u00e9ristiques de perforation \u00e9lev\u00e9es. Excellent rapport <strong>qualit\u00e9-prix<\/strong>.<\/p>\n<p><a href=\"https:\/\/utd-tunisia.com\/UTDprint\/wp-content\/uploads\/2023\/10\/U516.pdf\">Fiche Technique et Exemple des Produits Finis \u00ab\u00a0U516\u00a0\u00bb<\/a><\/p>\n","protected":false},"featured_media":2003,"comment_status":"open","ping_status":"closed","template":"","meta":[],"product_cat":[35],"product_tag":[],"_links":{"self":[{"href":"https:\/\/utd-tunisia.com\/UTDprint\/wp-json\/wp\/v2\/product\/1680"}],"collection":[{"href":"https:\/\/utd-tunisia.com\/UTDprint\/wp-json\/wp\/v2\/product"}],"about":[{"href":"https:\/\/utd-tunisia.com\/UTDprint\/wp-json\/wp\/v2\/types\/product"}],"replies":[{"embeddable":true,"href":"https:\/\/utd-tunisia.com\/UTDprint\/wp-json\/wp\/v2\/comments?post=1680"}],"version-history":[{"count":2,"href":"https:\/\/utd-tunisia.com\/UTDprint\/wp-json\/wp\/v2\/product\/1680\/revisions"}],"predecessor-version":[{"id":2336,"href":"https:\/\/utd-tunisia.com\/UTDprint\/wp-json\/wp\/v2\/product\/1680\/revisions\/2336"}],"wp:featuredmedia":[{"embeddable":true,"href":"https:\/\/utd-tunisia.com\/UTDprint\/wp-json\/wp\/v2\/media\/2003"}],"wp:attachment":[{"href":"https:\/\/utd-tunisia.com\/UTDprint\/wp-json\/wp\/v2\/media?parent=1680"}],"wp:term":[{"taxonomy":"product_cat","embeddable":true,"href":"https:\/\/utd-tunisia.com\/UTDprint\/wp-json\/wp\/v2\/product_cat?post=1680"},{"taxonomy":"product_tag","embeddable":true,"href":"https:\/\/utd-tunisia.com\/UTDprint\/wp-json\/wp\/v2\/product_tag?post=1680"}],"curies":[{"name":"wp","href":"https:\/\/api.w.org\/{rel}","templated":true}]}}