{"id":1682,"date":"2023-10-23T17:04:23","date_gmt":"2023-10-23T16:04:23","guid":{"rendered":"https:\/\/utd-tunisia.com\/UTDprint\/?post_type=product&#038;p=1682"},"modified":"2025-09-13T09:33:39","modified_gmt":"2025-09-13T08:33:39","slug":"machine-de-poinconnage-et-de-reliure-manuelle-2","status":"publish","type":"product","link":"https:\/\/utd-tunisia.com\/UTDprint\/produit\/machine-de-poinconnage-et-de-reliure-manuelle-2\/","title":{"rendered":"MACHINE DE POIN\u00c7ONNAGE ET DE RELIURE MANUELLE &#8211; CW2016"},"content":{"rendered":"<h4 style=\"text-align: center;\"><span style=\"color: #3366ff;\">MACHINE DE POIN\u00c7ONNAGE ET DE RELIURE MANUELLE &#8211; CW2016<\/span><\/h4>\n<p>Double <strong>fil<\/strong> et <strong>plastique<\/strong> machine \u00e0 relier de peigne est un populaire commercial reliure m\u00e9thode et est connu par un certain nombre de diff\u00e9rents noms, y compris \u00e0 double boucle fil, fil-o, double fil de boucle double o, fil de bague et wirebind. Avec cette m\u00e9thode de liaison, les utilisateurs ins\u00e8rent leur perfor\u00e9 pages \u00e0 un \u00ab\u00a0C\u00a0\u00bb en forme de colonne vert\u00e9brale. Documents qui sont li\u00e9s avec du fil de liaison peut s&rsquo;ouvrir compl\u00e8tement \u00e0 plat sur un bureau et <strong>360 degr\u00e9s rotation<\/strong> de pages reli\u00e9es.<\/p>\n<ul>\n<li>Il s&rsquo;agit d&rsquo;une machine de perforation et de reliure <strong>3:1<\/strong> <strong>2-en-1<\/strong> \u00e0 <strong>peigne<\/strong> et <strong>\u00e0 fil<\/strong>.<\/li>\n<li>Base de taille F4 (<strong>340 mm<\/strong>), conception robuste.<\/li>\n<li>Le corps de la machine est en <strong>m\u00e9tal<\/strong>, les c\u00f4t\u00e9s en <strong>aluminium<\/strong>.<\/li>\n<li>Avec toutes les broches s\u00e9lectionnables, elle peut perforer des formats de papier plus petits que le format F4.Comme <strong>A4\/LTR\/B5\/A5\/A6\/<\/strong>etc.<\/li>\n<\/ul>\n<p><a href=\"https:\/\/utd-tunisia.com\/UTDprint\/wp-content\/uploads\/2023\/10\/CW2016-1.pdf\">Fiche Technique et Exemple des Produits Finis \u00ab\u00a0CW2016\u00a0\u00bb<\/a><\/p>\n","protected":false},"excerpt":{"rendered":"<div class=\"text-content\">\n<p>Cette machine \u00e0 relier a une conception l\u00e9g\u00e8re pour la portabilit\u00e9 dans l&rsquo;espace de travail, ce qui en fait un excellent ajout \u00e0 toute \u00e9cole ou petit bureau.<\/p>\n<\/div>\n<p><a href=\"https:\/\/utd-tunisia.com\/UTDprint\/wp-content\/uploads\/2023\/10\/CW2016-1.pdf\">Fiche Technique et Exemple des Produits Finis \u00ab\u00a0CW2016\u00a0\u00bb<\/a><\/p>\n","protected":false},"featured_media":1998,"comment_status":"open","ping_status":"closed","template":"","meta":[],"product_cat":[35],"product_tag":[],"_links":{"self":[{"href":"https:\/\/utd-tunisia.com\/UTDprint\/wp-json\/wp\/v2\/product\/1682"}],"collection":[{"href":"https:\/\/utd-tunisia.com\/UTDprint\/wp-json\/wp\/v2\/product"}],"about":[{"href":"https:\/\/utd-tunisia.com\/UTDprint\/wp-json\/wp\/v2\/types\/product"}],"replies":[{"embeddable":true,"href":"https:\/\/utd-tunisia.com\/UTDprint\/wp-json\/wp\/v2\/comments?post=1682"}],"version-history":[{"count":4,"href":"https:\/\/utd-tunisia.com\/UTDprint\/wp-json\/wp\/v2\/product\/1682\/revisions"}],"predecessor-version":[{"id":2001,"href":"https:\/\/utd-tunisia.com\/UTDprint\/wp-json\/wp\/v2\/product\/1682\/revisions\/2001"}],"wp:featuredmedia":[{"embeddable":true,"href":"https:\/\/utd-tunisia.com\/UTDprint\/wp-json\/wp\/v2\/media\/1998"}],"wp:attachment":[{"href":"https:\/\/utd-tunisia.com\/UTDprint\/wp-json\/wp\/v2\/media?parent=1682"}],"wp:term":[{"taxonomy":"product_cat","embeddable":true,"href":"https:\/\/utd-tunisia.com\/UTDprint\/wp-json\/wp\/v2\/product_cat?post=1682"},{"taxonomy":"product_tag","embeddable":true,"href":"https:\/\/utd-tunisia.com\/UTDprint\/wp-json\/wp\/v2\/product_tag?post=1682"}],"curies":[{"name":"wp","href":"https:\/\/api.w.org\/{rel}","templated":true}]}}