{"id":1686,"date":"2023-10-23T17:34:42","date_gmt":"2023-10-23T16:34:42","guid":{"rendered":"https:\/\/utd-tunisia.com\/UTDprint\/?post_type=product&#038;p=1686"},"modified":"2024-06-10T16:51:20","modified_gmt":"2024-06-10T15:51:20","slug":"machine-a-poinconner-les-oeillet","status":"publish","type":"product","link":"https:\/\/utd-tunisia.com\/UTDprint\/produit\/machine-a-poinconner-les-oeillet\/","title":{"rendered":"MACHINE \u00c0 POIN\u00c7ONNER LES \u0152ILLET &#8211; D03"},"content":{"rendered":"<h4 style=\"text-align: center;\"><span style=\"color: #3366ff;\"><strong>MACHINE \u00c0 POIN\u00c7ONNER LES \u0152ILLET &#8211; D03<\/strong><\/span><\/h4>\n<p>Il s&rsquo;agit d&rsquo;une machine <strong>incroyablement efficace<\/strong> qui met fin \u00e0 la n\u00e9cessit\u00e9 de placer un \u0153illet sur une matrice avant chaque utilisation.<\/p>\n<p>Il suffit de verser les \u0153illets dans la tr\u00e9mie pour qu&rsquo;ils descendent automatiquement dans la goulotte. Lorsque vous tirez sur le levier, la matrice \u00ab\u00a0prend\u00a0\u00bb un \u0153illet avant de le fixer sur le tissu. Une fois l&rsquo;op\u00e9ration termin\u00e9e, l&rsquo;\u0153illet suivant se met en place.<\/p>\n<p><strong>Caract\u00e9ristiques :\u00a0<\/strong><\/p>\n<ul>\n<li>Op\u00e9ration <strong>manuelle<\/strong>.<\/li>\n<li>Utilisez un \u0153illet de <strong>10mm<\/strong>.<\/li>\n<li>Poin\u00e7on d&rsquo;\u0153illet rapide.<\/li>\n<li>Facile \u00e0 utiliser gr\u00e2ce \u00e0 sa poign\u00e9e<strong> extra-longue<\/strong> et \u00e0 sa prise en main <strong>souple<\/strong> et <strong>r\u00e9sistante<\/strong>.<\/li>\n<li>Avec un minimum d&rsquo;effort, il est possible de poser jusqu&rsquo;\u00e0<strong> 1 800 \u0153illets par heure<\/strong>.<\/li>\n<li>Peut fixer des \u0153illets sur des pi\u00e8ces telles que <strong>tissu<\/strong>, <strong>toile<\/strong>, <strong>banni\u00e8res<\/strong>, <strong>affiches<\/strong>, <strong>toile \u00e0 voile<\/strong>, <strong>mat\u00e9riaux flexibles<\/strong> et ainsi de suite.<\/li>\n<li>Largement utilis\u00e9 dans la <strong>publicit\u00e9<\/strong>, <strong>signe<\/strong>, <strong>emballage<\/strong>, <strong>industries<\/strong> <strong>de la construction<\/strong>.<\/li>\n<\/ul>\n<p><a href=\"https:\/\/utd-tunisia.com\/UTDprint\/wp-content\/uploads\/2023\/10\/D03.pdf\">Fiche Technique et Exemple des Produits Finis \u00ab\u00a0D03\u00a0\u00bb<\/a><\/p>\n","protected":false},"excerpt":{"rendered":"<p>Cette machine \u00e0 \u0153illets <strong>semi-automatique<\/strong> \u00e9limine tout le travail de pose des \u0153illets.<\/p>\n<p>En un seul geste, la machine percera un trou et fixera des \u0153illets de <strong>12 mm<\/strong> sur le tissu de votre choix.<\/p>\n<p><a href=\"https:\/\/utd-tunisia.com\/UTDprint\/wp-content\/uploads\/2023\/10\/D03.pdf\">Fiche Technique et Exemple des Produits Finis \u00ab\u00a0D03\u00a0\u00bb<\/a><\/p>\n","protected":false},"featured_media":1996,"comment_status":"open","ping_status":"closed","template":"","meta":[],"product_cat":[43],"product_tag":[],"_links":{"self":[{"href":"https:\/\/utd-tunisia.com\/UTDprint\/wp-json\/wp\/v2\/product\/1686"}],"collection":[{"href":"https:\/\/utd-tunisia.com\/UTDprint\/wp-json\/wp\/v2\/product"}],"about":[{"href":"https:\/\/utd-tunisia.com\/UTDprint\/wp-json\/wp\/v2\/types\/product"}],"replies":[{"embeddable":true,"href":"https:\/\/utd-tunisia.com\/UTDprint\/wp-json\/wp\/v2\/comments?post=1686"}],"version-history":[{"count":4,"href":"https:\/\/utd-tunisia.com\/UTDprint\/wp-json\/wp\/v2\/product\/1686\/revisions"}],"predecessor-version":[{"id":2323,"href":"https:\/\/utd-tunisia.com\/UTDprint\/wp-json\/wp\/v2\/product\/1686\/revisions\/2323"}],"wp:featuredmedia":[{"embeddable":true,"href":"https:\/\/utd-tunisia.com\/UTDprint\/wp-json\/wp\/v2\/media\/1996"}],"wp:attachment":[{"href":"https:\/\/utd-tunisia.com\/UTDprint\/wp-json\/wp\/v2\/media?parent=1686"}],"wp:term":[{"taxonomy":"product_cat","embeddable":true,"href":"https:\/\/utd-tunisia.com\/UTDprint\/wp-json\/wp\/v2\/product_cat?post=1686"},{"taxonomy":"product_tag","embeddable":true,"href":"https:\/\/utd-tunisia.com\/UTDprint\/wp-json\/wp\/v2\/product_tag?post=1686"}],"curies":[{"name":"wp","href":"https:\/\/api.w.org\/{rel}","templated":true}]}}