{"id":1688,"date":"2023-10-23T17:44:18","date_gmt":"2023-10-23T16:44:18","guid":{"rendered":"https:\/\/utd-tunisia.com\/UTDprint\/?post_type=product&#038;p=1688"},"modified":"2024-10-24T13:56:53","modified_gmt":"2024-10-24T12:56:53","slug":"perceuse-electrique","status":"publish","type":"product","link":"https:\/\/utd-tunisia.com\/UTDprint\/produit\/perceuse-electrique\/","title":{"rendered":"PERCEUSE \u00c9LECTRIQUE &#8211; HY-50B"},"content":{"rendered":"<h4 style=\"text-align: center;\"><span style=\"color: #3366ff;\"><strong>PERCEUSE \u00c9LECTRIQUE &#8211; HY-50B<\/strong><\/span><\/h4>\n<p>Poin\u00e7onneuse \u00e9lectrique de papier de haute qualit\u00e9, il peut poin\u00e7onner le papier <strong>facilement<\/strong> et <strong>rapidement<\/strong>, il peut se d\u00e9placer par la table, il vous aide quand vous faites le apr\u00e8s impression.<\/p>\n<ol>\n<li>Facile \u00e0 utiliser.<\/li>\n<li>Perceuse de bureau.<\/li>\n<li>\u00c9paisseur <strong>maximale<\/strong> du poin\u00e7on papier jusqu&rsquo;\u00e0 <strong>50mm<\/strong>.<\/li>\n<\/ol>\n<p><a href=\"https:\/\/utd-tunisia.com\/UTDprint\/wp-content\/uploads\/2023\/10\/HY-50B.pdf\">Fiche Technique et Exemple des Produits Finis \u00ab\u00a0HY-50B\u00a0\u00bb<\/a><\/p>\n","protected":false},"excerpt":{"rendered":"<p>Machine \u00e0 perforer \u00e9lectrique de bureau manuelle de <strong>50mm<\/strong> d&rsquo;\u00e9paisseur.<\/p>\n<p><a href=\"https:\/\/utd-tunisia.com\/UTDprint\/wp-content\/uploads\/2023\/10\/HY-50B.pdf\">Fiche Technique et Exemple des Produits Finis \u00ab\u00a0HY-50B\u00a0\u00bb<\/a><\/p>\n","protected":false},"featured_media":1990,"comment_status":"open","ping_status":"closed","template":"","meta":[],"product_cat":[43],"product_tag":[],"_links":{"self":[{"href":"https:\/\/utd-tunisia.com\/UTDprint\/wp-json\/wp\/v2\/product\/1688"}],"collection":[{"href":"https:\/\/utd-tunisia.com\/UTDprint\/wp-json\/wp\/v2\/product"}],"about":[{"href":"https:\/\/utd-tunisia.com\/UTDprint\/wp-json\/wp\/v2\/types\/product"}],"replies":[{"embeddable":true,"href":"https:\/\/utd-tunisia.com\/UTDprint\/wp-json\/wp\/v2\/comments?post=1688"}],"version-history":[{"count":5,"href":"https:\/\/utd-tunisia.com\/UTDprint\/wp-json\/wp\/v2\/product\/1688\/revisions"}],"predecessor-version":[{"id":2321,"href":"https:\/\/utd-tunisia.com\/UTDprint\/wp-json\/wp\/v2\/product\/1688\/revisions\/2321"}],"wp:featuredmedia":[{"embeddable":true,"href":"https:\/\/utd-tunisia.com\/UTDprint\/wp-json\/wp\/v2\/media\/1990"}],"wp:attachment":[{"href":"https:\/\/utd-tunisia.com\/UTDprint\/wp-json\/wp\/v2\/media?parent=1688"}],"wp:term":[{"taxonomy":"product_cat","embeddable":true,"href":"https:\/\/utd-tunisia.com\/UTDprint\/wp-json\/wp\/v2\/product_cat?post=1688"},{"taxonomy":"product_tag","embeddable":true,"href":"https:\/\/utd-tunisia.com\/UTDprint\/wp-json\/wp\/v2\/product_tag?post=1688"}],"curies":[{"name":"wp","href":"https:\/\/api.w.org\/{rel}","templated":true}]}}