{"id":1691,"date":"2023-10-23T17:56:49","date_gmt":"2023-10-23T15:56:49","guid":{"rendered":"https:\/\/utd-tunisia.com\/UTDprint\/?post_type=product&#038;p=1691"},"modified":"2026-01-30T14:10:08","modified_gmt":"2026-01-30T13:10:08","slug":"machine-de-decoupe-electrique-de-coin-rond-avec-pedale","status":"publish","type":"product","link":"https:\/\/utd-tunisia.com\/UTDprint\/produit\/machine-de-decoupe-electrique-de-coin-rond-avec-pedale\/","title":{"rendered":"MACHINE DE D\u00c9COUPE \u00c9LECTRIQUE DE COIN ROND AVEC P\u00c9DALE &#8211; CRE-080D"},"content":{"rendered":"<h4 style=\"text-align: center;\"><span style=\"color: #3366ff;\">MACHINE DE D\u00c9COUPE \u00c9LECTRIQUE DE COIN ROND AVEC P\u00c9DALE &#8211; CRE-080D<\/span><\/h4>\n<ul>\n<li>Construit avec <strong>7 matrices<\/strong> de d\u00e9coupe de <strong>R3<\/strong> \u00e0 <strong>R9,<\/strong>\u00a0Il ne faut que <strong>2 secondes<\/strong> pour changer une matrice de d\u00e9coupe.<\/li>\n<li>Avec le tiroir pour attraper le papier de rebut.<\/li>\n<li>Fonctionne avec de nombreux types de mat\u00e9riaux souples, tels que le<strong> papier<\/strong>, le <strong>carton<\/strong>, le <strong>PVC<\/strong>, etc.<\/li>\n<li>Id\u00e9al pour faire une <strong>carte de visite<\/strong>, un <strong>menu<\/strong>, un<strong> livre photo<\/strong>, un <strong>album<\/strong>, une <strong>\u00e9tiquette<\/strong>, etc.<\/li>\n<li>Pratique et tr\u00e8s efficace.<\/li>\n<li>Avec <strong>interrupteur de s\u00e9curit\u00e9<\/strong> pour un fonctionnement en toute s\u00e9curit\u00e9.<\/li>\n<\/ul>\n<p><a href=\"https:\/\/utd-tunisia.com\/UTDprint\/wp-content\/uploads\/2023\/10\/CRE-08D-2.pdf\">Fiche Technique et Exemple des Produits Finis \u00ab\u00a0CRE-08D\u00a0\u00bb<\/a><\/p>\n","protected":false},"excerpt":{"rendered":"<p>Cette machine \u00e0 coins ronds manuellement est largement utilis\u00e9e pour couper les coins ronds des <strong>cartes nominatives<\/strong>, des <strong>livres<\/strong>, de <strong>l&#8217;emballage<\/strong> et de la <strong>d\u00e9coration<\/strong>, des <strong>documents<\/strong>, des <strong>certificats<\/strong>, des <strong>cahiers<\/strong>&#8230;<\/p>\n<p><a href=\"https:\/\/utd-tunisia.com\/UTDprint\/wp-content\/uploads\/2023\/10\/CRE-08D-2.pdf\">Fiche Technique et Exemple des Produits Finis \u00ab\u00a0CRE-08D\u00a0\u00bb<\/a><\/p>\n","protected":false},"featured_media":1983,"comment_status":"open","ping_status":"closed","template":"","meta":[],"product_cat":[44,34],"product_tag":[],"_links":{"self":[{"href":"https:\/\/utd-tunisia.com\/UTDprint\/wp-json\/wp\/v2\/product\/1691"}],"collection":[{"href":"https:\/\/utd-tunisia.com\/UTDprint\/wp-json\/wp\/v2\/product"}],"about":[{"href":"https:\/\/utd-tunisia.com\/UTDprint\/wp-json\/wp\/v2\/types\/product"}],"replies":[{"embeddable":true,"href":"https:\/\/utd-tunisia.com\/UTDprint\/wp-json\/wp\/v2\/comments?post=1691"}],"version-history":[{"count":5,"href":"https:\/\/utd-tunisia.com\/UTDprint\/wp-json\/wp\/v2\/product\/1691\/revisions"}],"predecessor-version":[{"id":2299,"href":"https:\/\/utd-tunisia.com\/UTDprint\/wp-json\/wp\/v2\/product\/1691\/revisions\/2299"}],"wp:featuredmedia":[{"embeddable":true,"href":"https:\/\/utd-tunisia.com\/UTDprint\/wp-json\/wp\/v2\/media\/1983"}],"wp:attachment":[{"href":"https:\/\/utd-tunisia.com\/UTDprint\/wp-json\/wp\/v2\/media?parent=1691"}],"wp:term":[{"taxonomy":"product_cat","embeddable":true,"href":"https:\/\/utd-tunisia.com\/UTDprint\/wp-json\/wp\/v2\/product_cat?post=1691"},{"taxonomy":"product_tag","embeddable":true,"href":"https:\/\/utd-tunisia.com\/UTDprint\/wp-json\/wp\/v2\/product_tag?post=1691"}],"curies":[{"name":"wp","href":"https:\/\/api.w.org\/{rel}","templated":true}]}}