{"id":1693,"date":"2023-10-23T18:15:39","date_gmt":"2023-10-23T17:15:39","guid":{"rendered":"https:\/\/utd-tunisia.com\/UTDprint\/?post_type=product&#038;p=1693"},"modified":"2024-07-06T11:28:38","modified_gmt":"2024-07-06T10:28:38","slug":"decoupe-electrique","status":"publish","type":"product","link":"https:\/\/utd-tunisia.com\/UTDprint\/produit\/decoupe-electrique\/","title":{"rendered":"D\u00c9COUPEUR \u00c9LECTRIQUE &#8211; E490T"},"content":{"rendered":"<h4 style=\"text-align: center;\"><span style=\"color: #3366ff;\"><strong>D\u00c9COUPEUR \u00c9LECTRIQUE &#8211; E490T<\/strong><\/span><\/h4>\n<p>Ce massicot \u00e9conomique est \u00e9galement dot\u00e9 de fonctions de s\u00e9curit\u00e9 telles que l&rsquo;activation d&rsquo;un <strong>double bouton<\/strong> et des <strong>capteurs infrarouges<\/strong> qui d\u00e9tectent tout ce qui n&rsquo;est pas le support en cours de coupe. Les capteurs infrarouges \u00e9liminent le besoin d&rsquo;un bouclier de s\u00e9curit\u00e9, acc\u00e9l\u00e9rant les op\u00e9rations de coupe tout en maintenant la s\u00e9curit\u00e9 de l&rsquo;op\u00e9rateur.<\/p>\n<ol>\n<li>Contr\u00f4le intelligent, programme de <strong>100 groupes x 96 \u00e9tapes<\/strong> pour l&rsquo;\u00e9cran tactile.<\/li>\n<li>Module standard photo\u00e9lectrique infrarouge CE.<\/li>\n<li>Moteur de serrage ind\u00e9pendant, minerai serr\u00e9 que le papier de pressage \u00e0 ressort traditionnel.<\/li>\n<li>La fine-profondeur de lame peut \u00eatre ajust\u00e9e de l&rsquo;ext\u00e9rieur de la machine.<\/li>\n<li>Double tige de plomb pour pousser le papier, plus stable et plus pr\u00e9cis.<\/li>\n<li>Tenir brevet sur lame inclin\u00e9e, minerai plus facile pour couper, costume pour la coupe de papier moulu.<\/li>\n<\/ol>\n<p><a href=\"https:\/\/utd-tunisia.com\/UTDprint\/wp-content\/uploads\/2023\/10\/E490T-1-2.pdf\">Fiche Technique \u00ab\u00a0E490T\u00a0\u00bb<\/a><\/p>\n","protected":false},"excerpt":{"rendered":"<p><strong>Le d\u00e9coupeur E490T<\/strong> dispose d&rsquo;une largeur de coupe de <strong>490mm<\/strong> et d&rsquo;une<strong> m\u00e9moire programmable<\/strong> pouvant contenir jusqu&rsquo;\u00e0<strong> 100<\/strong> travaux avec <strong>96<\/strong> r\u00e9glages chacun.<\/p>\n<p><a href=\"https:\/\/utd-tunisia.com\/UTDprint\/wp-content\/uploads\/2023\/10\/E490T-1-2.pdf\">Fiche Technique \u00ab\u00a0E490T\u00a0\u00bb<\/a><\/p>\n","protected":false},"featured_media":1989,"comment_status":"open","ping_status":"closed","template":"","meta":[],"product_cat":[34],"product_tag":[],"_links":{"self":[{"href":"https:\/\/utd-tunisia.com\/UTDprint\/wp-json\/wp\/v2\/product\/1693"}],"collection":[{"href":"https:\/\/utd-tunisia.com\/UTDprint\/wp-json\/wp\/v2\/product"}],"about":[{"href":"https:\/\/utd-tunisia.com\/UTDprint\/wp-json\/wp\/v2\/types\/product"}],"replies":[{"embeddable":true,"href":"https:\/\/utd-tunisia.com\/UTDprint\/wp-json\/wp\/v2\/comments?post=1693"}],"version-history":[{"count":4,"href":"https:\/\/utd-tunisia.com\/UTDprint\/wp-json\/wp\/v2\/product\/1693\/revisions"}],"predecessor-version":[{"id":2306,"href":"https:\/\/utd-tunisia.com\/UTDprint\/wp-json\/wp\/v2\/product\/1693\/revisions\/2306"}],"wp:featuredmedia":[{"embeddable":true,"href":"https:\/\/utd-tunisia.com\/UTDprint\/wp-json\/wp\/v2\/media\/1989"}],"wp:attachment":[{"href":"https:\/\/utd-tunisia.com\/UTDprint\/wp-json\/wp\/v2\/media?parent=1693"}],"wp:term":[{"taxonomy":"product_cat","embeddable":true,"href":"https:\/\/utd-tunisia.com\/UTDprint\/wp-json\/wp\/v2\/product_cat?post=1693"},{"taxonomy":"product_tag","embeddable":true,"href":"https:\/\/utd-tunisia.com\/UTDprint\/wp-json\/wp\/v2\/product_tag?post=1693"}],"curies":[{"name":"wp","href":"https:\/\/api.w.org\/{rel}","templated":true}]}}