{"id":1695,"date":"2023-10-23T18:26:16","date_gmt":"2023-10-23T16:26:16","guid":{"rendered":"https:\/\/utd-tunisia.com\/UTDprint\/?post_type=product&#038;p=1695"},"modified":"2024-10-28T12:10:32","modified_gmt":"2024-10-28T11:10:32","slug":"machine-de-transfert-de-chaleur-sur-stylo","status":"publish","type":"product","link":"https:\/\/utd-tunisia.com\/UTDprint\/produit\/machine-de-transfert-de-chaleur-sur-stylo\/","title":{"rendered":"MACHINE DE TRANSFERT DE CHALEUR SUR STYLO &#8211; 1829"},"content":{"rendered":"<h4 style=\"text-align: center;\"><span style=\"color: #3366ff;\">MACHINE DE TRANSFERT DE CHALEUR SUR STYLO &#8211; 1829<\/span><\/h4>\n<p>Machine manuelle de presse \u00e0 chaud pour <strong>stylo<\/strong> \u00e0 clapet<strong> 10 en 1<\/strong> pour transfert de chaleur. <strong>Logo<\/strong> personnalis\u00e9 sur stylo en plastique de diam\u00e8tre 10-11mm.<\/p>\n<ul>\n<li>Affichage intelligent tactile <strong>Led<\/strong>.<\/li>\n<li>Plaque m\u00e9tallique en <strong>acier<\/strong>, <strong>stable<\/strong> et <strong>durable<\/strong>.<\/li>\n<li>Op\u00e9ration de poign\u00e9e<strong> semi-automatique<\/strong>, facile \u00e0 utiliser.<\/li>\n<li>Station d&rsquo;impression de <strong>10 stations<\/strong>.<\/li>\n<\/ul>\n<p><img decoding=\"async\" class=\"alignnone\" src=\"https:\/\/encrypted-tbn0.gstatic.com\/images?q=tbn:ANd9GcTJUhVmfvmnxi_XolcvAuH9QQ6H4xlnI2C_BTVogSYg8Ibkdd1Gvsaok74LtRvU_5E62TU&amp;usqp=CAU\" alt=\"File:PDF file icon.svg - Wikipedia\" width=\"18\" height=\"22\" \/> \u00a0<a href=\"https:\/\/utd-tunisia.com\/UTDprint\/wp-content\/uploads\/2023\/10\/1829.pdf\">Fiche Technique 1829<\/a><\/p>\n","protected":false},"excerpt":{"rendered":"<p><strong>Dix<\/strong> stations, haute efficacit\u00e9, les performances de l&rsquo;instrument <strong>LCD<\/strong> sont stables et de haute pr\u00e9cision, l\u00e9ger, compact et facile \u00e0 transporter.<\/p>\n<p><img decoding=\"async\" class=\"alignnone\" src=\"https:\/\/encrypted-tbn0.gstatic.com\/images?q=tbn:ANd9GcTJUhVmfvmnxi_XolcvAuH9QQ6H4xlnI2C_BTVogSYg8Ibkdd1Gvsaok74LtRvU_5E62TU&amp;usqp=CAU\" alt=\"File:PDF file icon.svg - Wikipedia\" width=\"18\" height=\"22\" \/> \u00a0<a href=\"https:\/\/utd-tunisia.com\/UTDprint\/wp-content\/uploads\/2023\/10\/1829.pdf\">Fiche Technique 1829<\/a><\/p>\n","protected":false},"featured_media":1976,"comment_status":"open","ping_status":"closed","template":"","meta":[],"product_cat":[36],"product_tag":[],"_links":{"self":[{"href":"https:\/\/utd-tunisia.com\/UTDprint\/wp-json\/wp\/v2\/product\/1695"}],"collection":[{"href":"https:\/\/utd-tunisia.com\/UTDprint\/wp-json\/wp\/v2\/product"}],"about":[{"href":"https:\/\/utd-tunisia.com\/UTDprint\/wp-json\/wp\/v2\/types\/product"}],"replies":[{"embeddable":true,"href":"https:\/\/utd-tunisia.com\/UTDprint\/wp-json\/wp\/v2\/comments?post=1695"}],"version-history":[{"count":2,"href":"https:\/\/utd-tunisia.com\/UTDprint\/wp-json\/wp\/v2\/product\/1695\/revisions"}],"predecessor-version":[{"id":1697,"href":"https:\/\/utd-tunisia.com\/UTDprint\/wp-json\/wp\/v2\/product\/1695\/revisions\/1697"}],"wp:featuredmedia":[{"embeddable":true,"href":"https:\/\/utd-tunisia.com\/UTDprint\/wp-json\/wp\/v2\/media\/1976"}],"wp:attachment":[{"href":"https:\/\/utd-tunisia.com\/UTDprint\/wp-json\/wp\/v2\/media?parent=1695"}],"wp:term":[{"taxonomy":"product_cat","embeddable":true,"href":"https:\/\/utd-tunisia.com\/UTDprint\/wp-json\/wp\/v2\/product_cat?post=1695"},{"taxonomy":"product_tag","embeddable":true,"href":"https:\/\/utd-tunisia.com\/UTDprint\/wp-json\/wp\/v2\/product_tag?post=1695"}],"curies":[{"name":"wp","href":"https:\/\/api.w.org\/{rel}","templated":true}]}}