{"id":2155,"date":"2024-04-15T15:39:17","date_gmt":"2024-04-15T14:39:17","guid":{"rendered":"https:\/\/utd-tunisia.com\/UTDprint\/?post_type=product&#038;p=2155"},"modified":"2026-02-24T08:06:58","modified_gmt":"2026-02-24T07:06:58","slug":"machine-de-decoupe-electrique-g450vs","status":"publish","type":"product","link":"https:\/\/utd-tunisia.com\/UTDprint\/produit\/machine-de-decoupe-electrique-g450vs\/","title":{"rendered":"MACHINE DE D\u00c9COUPE ELECTRIQUE &#8211; G450VS+"},"content":{"rendered":"<h4 style=\"text-align: center;\"><span style=\"color: #3366ff;\">MACHINE DE D\u00c9COUPE ELECTRIQUE &#8211; G450VS+<\/span><\/h4>\n<ul>\n<li>Serrage manuel et pousser le papier.<\/li>\n<li>Infrarouge pour l\u2019op\u00e9ration de s\u00e9curit\u00e9.<\/li>\n<li>Lame de profondeur peut \u00eatre ajust\u00e9e de l\u2019ext\u00e9rieur de la machine.<\/li>\n<li>Optique ligne de coupe.<\/li>\n<li>Conception optimis\u00e9e des instructions, traitement pr\u00e9cis, stabilit\u00e9.<\/li>\n<li>Performance et robustesse pour une longue dur\u00e9e d&rsquo;utilisation.<\/li>\n<li>Adopte un nouveau circuit de contr\u00f4le num\u00e9rique int\u00e9gr\u00e9 de haute technologie pour garantir un travail efficace.<\/li>\n<li>L&rsquo;\u00e9cran num\u00e9rique indique la position avant et apr\u00e8s la coupe, et il y a des infrarouges.<\/li>\n<li>La lumi\u00e8re indique la position de coupe.<\/li>\n<li>Adopte une lame en acier rapide, tranchante et r\u00e9sistante.<\/li>\n<li>Fonctions sp\u00e9ciales de d\u00e9pannage automatique et lumi\u00e8re infrarouge pour rendre le couvercle de la lame visible.<\/li>\n<li>Fonctionnement facile.<\/li>\n<li>La serrure et le couvercle de protection sont adapt\u00e9s pour garantir la s\u00e9curit\u00e9 de l&rsquo;appareil.<\/li>\n<li>Design simple et \u00e0 la mode : design, beaut\u00e9 et utilit\u00e9.<\/li>\n<\/ul>\n","protected":false},"excerpt":{"rendered":"<p>Avec le basculement dans le style, la fixation de la cat\u00e9nation \u00e0 deux mains, la fonction de remplacement automatique, la machine de d\u00e9coupe \u00e9lectrique G450VS+ est absolument garantie s\u00fbre.<\/p>\n","protected":false},"featured_media":2160,"comment_status":"open","ping_status":"closed","template":"","meta":[],"product_cat":[34],"product_tag":[],"_links":{"self":[{"href":"https:\/\/utd-tunisia.com\/UTDprint\/wp-json\/wp\/v2\/product\/2155"}],"collection":[{"href":"https:\/\/utd-tunisia.com\/UTDprint\/wp-json\/wp\/v2\/product"}],"about":[{"href":"https:\/\/utd-tunisia.com\/UTDprint\/wp-json\/wp\/v2\/types\/product"}],"replies":[{"embeddable":true,"href":"https:\/\/utd-tunisia.com\/UTDprint\/wp-json\/wp\/v2\/comments?post=2155"}],"version-history":[{"count":5,"href":"https:\/\/utd-tunisia.com\/UTDprint\/wp-json\/wp\/v2\/product\/2155\/revisions"}],"predecessor-version":[{"id":2388,"href":"https:\/\/utd-tunisia.com\/UTDprint\/wp-json\/wp\/v2\/product\/2155\/revisions\/2388"}],"wp:featuredmedia":[{"embeddable":true,"href":"https:\/\/utd-tunisia.com\/UTDprint\/wp-json\/wp\/v2\/media\/2160"}],"wp:attachment":[{"href":"https:\/\/utd-tunisia.com\/UTDprint\/wp-json\/wp\/v2\/media?parent=2155"}],"wp:term":[{"taxonomy":"product_cat","embeddable":true,"href":"https:\/\/utd-tunisia.com\/UTDprint\/wp-json\/wp\/v2\/product_cat?post=2155"},{"taxonomy":"product_tag","embeddable":true,"href":"https:\/\/utd-tunisia.com\/UTDprint\/wp-json\/wp\/v2\/product_tag?post=2155"}],"curies":[{"name":"wp","href":"https:\/\/api.w.org\/{rel}","templated":true}]}}