{"id":2163,"date":"2024-04-25T11:28:16","date_gmt":"2024-04-25T10:28:16","guid":{"rendered":"https:\/\/utd-tunisia.com\/UTDprint\/?post_type=product&#038;p=2163"},"modified":"2026-01-13T11:30:48","modified_gmt":"2026-01-13T10:30:48","slug":"coupe-papier-manuel-cma3","status":"publish","type":"product","link":"https:\/\/utd-tunisia.com\/UTDprint\/produit\/coupe-papier-manuel-cma3\/","title":{"rendered":"COUPE-PAPIER MANUEL &#8211; CMA3"},"content":{"rendered":"<h4 style=\"text-align: center;\"><span style=\"color: #3366ff;\"><strong>COUPE-PAPIER MANUEL &#8211; CMA3<\/strong><\/span><\/h4>\n<ul>\n<li>Corps en m\u00e9tal.<\/li>\n<li>Forte r\u00e9sistance.<\/li>\n<li>Coupe-papier manuel parfait pour les papiers A3, les documents, les cartes, les cartons etc.<\/li>\n<li>Mat\u00e9riau en acier de la plaque inf\u00e9rieure, stable et durable.<\/li>\n<li>Echelle pr\u00e9cise.<\/li>\n<li>Conception de papier amovible pour aligner le papier efficacement.<\/li>\n<\/ul>\n<p>&nbsp;<\/p>\n","protected":false},"excerpt":{"rendered":"<p>Cette machine de d\u00e9coupe est adapt\u00e9e pour couper des photos, des images, des \u00e9tiquettes, des cartes et d&rsquo;autres produits en papier, elle peut couper jusqu&rsquo;\u00e0 17 feuilles de papier \u00e0 la fois, vous \u00e9conomiserez du temps avec une pr\u00e9cision maximale.<\/p>\n","protected":false},"featured_media":2165,"comment_status":"open","ping_status":"closed","template":"","meta":[],"product_cat":[34],"product_tag":[],"_links":{"self":[{"href":"https:\/\/utd-tunisia.com\/UTDprint\/wp-json\/wp\/v2\/product\/2163"}],"collection":[{"href":"https:\/\/utd-tunisia.com\/UTDprint\/wp-json\/wp\/v2\/product"}],"about":[{"href":"https:\/\/utd-tunisia.com\/UTDprint\/wp-json\/wp\/v2\/types\/product"}],"replies":[{"embeddable":true,"href":"https:\/\/utd-tunisia.com\/UTDprint\/wp-json\/wp\/v2\/comments?post=2163"}],"version-history":[{"count":3,"href":"https:\/\/utd-tunisia.com\/UTDprint\/wp-json\/wp\/v2\/product\/2163\/revisions"}],"predecessor-version":[{"id":2588,"href":"https:\/\/utd-tunisia.com\/UTDprint\/wp-json\/wp\/v2\/product\/2163\/revisions\/2588"}],"wp:featuredmedia":[{"embeddable":true,"href":"https:\/\/utd-tunisia.com\/UTDprint\/wp-json\/wp\/v2\/media\/2165"}],"wp:attachment":[{"href":"https:\/\/utd-tunisia.com\/UTDprint\/wp-json\/wp\/v2\/media?parent=2163"}],"wp:term":[{"taxonomy":"product_cat","embeddable":true,"href":"https:\/\/utd-tunisia.com\/UTDprint\/wp-json\/wp\/v2\/product_cat?post=2163"},{"taxonomy":"product_tag","embeddable":true,"href":"https:\/\/utd-tunisia.com\/UTDprint\/wp-json\/wp\/v2\/product_tag?post=2163"}],"curies":[{"name":"wp","href":"https:\/\/api.w.org\/{rel}","templated":true}]}}