{"id":2171,"date":"2024-04-15T15:41:51","date_gmt":"2024-04-15T14:41:51","guid":{"rendered":"https:\/\/utd-tunisia.com\/UTDprint\/?post_type=product&#038;p=2171"},"modified":"2025-10-11T12:14:50","modified_gmt":"2025-10-11T11:14:50","slug":"plastifieuse-et-massicot-a3-avec-arrondisseur-dangles-3-en-1-pmda3","status":"publish","type":"product","link":"https:\/\/utd-tunisia.com\/UTDprint\/produit\/plastifieuse-et-massicot-a3-avec-arrondisseur-dangles-3-en-1-pmda3\/","title":{"rendered":"PLASTIFIEUSE ET MASSICOT A3 AVEC ARRONDISSEUR D&rsquo;ANGLES 3 EN 1 &#8211; PMDA3"},"content":{"rendered":"<h4 style=\"text-align: center;\"><span style=\"color: #3366ff;\"><strong>PLASTIFIEUSE ET MASSICOT A3 AVEC ARRONDISSEUR D&rsquo;ANGLES 3 EN 1 &#8211; PMDA3<\/strong><\/span><\/h4>\n<ul>\n<li>\u00c9chauffement rapide.<\/li>\n<li>Stratification \u00e0 chaud et \u00e0 froid.<\/li>\n<li>Coupe-papier 3 en 1.<\/li>\n<li><span class=\"sw\">Trois<\/span> <span class=\"sw\">types<\/span> <span class=\"sw\">de<\/span> <span class=\"sw\">couteaux<\/span> <span class=\"sw\">sont<\/span> <span class=\"sw\">int\u00e9gr\u00e9s<\/span> <span class=\"sw\">dans<\/span> <span class=\"sw\">un<\/span> <span class=\"sw\">seul<\/span> <span class=\"sw\">bo\u00eetier<\/span> <span class=\"sw\">pour<\/span> <span class=\"sw\">s&rsquo;adapter<\/span> <span class=\"sw\">aux<\/span> <span class=\"sw\">diff\u00e9rentes<\/span> <span class=\"sw\">exigences<\/span> <span class=\"sw\">des<\/span> <span class=\"sw\">applications.<\/span><\/li>\n<li>Scellage rapide du plastique.<\/li>\n<li>Pas de bourrage de papier.<\/li>\n<li>D\u00e9coupe de qualit\u00e9.<\/li>\n<li>Syst\u00e8me \u00e0 double rouleau.<\/li>\n<li>Sortie du papier par une seule touche.<\/li>\n<\/ul>\n","protected":false},"excerpt":{"rendered":"<p>A la fois compacte et \u00e9l\u00e9gante, cette plastifieuse est parfaite pour toute maison, \u00e9cole ou petit bureau. Il est id\u00e9al pour les photos, les documents ou tout besoin de plastification cr\u00e9atif.<\/p>\n","protected":false},"featured_media":2172,"comment_status":"open","ping_status":"closed","template":"","meta":[],"product_cat":[44,34,33],"product_tag":[],"_links":{"self":[{"href":"https:\/\/utd-tunisia.com\/UTDprint\/wp-json\/wp\/v2\/product\/2171"}],"collection":[{"href":"https:\/\/utd-tunisia.com\/UTDprint\/wp-json\/wp\/v2\/product"}],"about":[{"href":"https:\/\/utd-tunisia.com\/UTDprint\/wp-json\/wp\/v2\/types\/product"}],"replies":[{"embeddable":true,"href":"https:\/\/utd-tunisia.com\/UTDprint\/wp-json\/wp\/v2\/comments?post=2171"}],"version-history":[{"count":3,"href":"https:\/\/utd-tunisia.com\/UTDprint\/wp-json\/wp\/v2\/product\/2171\/revisions"}],"predecessor-version":[{"id":2405,"href":"https:\/\/utd-tunisia.com\/UTDprint\/wp-json\/wp\/v2\/product\/2171\/revisions\/2405"}],"wp:featuredmedia":[{"embeddable":true,"href":"https:\/\/utd-tunisia.com\/UTDprint\/wp-json\/wp\/v2\/media\/2172"}],"wp:attachment":[{"href":"https:\/\/utd-tunisia.com\/UTDprint\/wp-json\/wp\/v2\/media?parent=2171"}],"wp:term":[{"taxonomy":"product_cat","embeddable":true,"href":"https:\/\/utd-tunisia.com\/UTDprint\/wp-json\/wp\/v2\/product_cat?post=2171"},{"taxonomy":"product_tag","embeddable":true,"href":"https:\/\/utd-tunisia.com\/UTDprint\/wp-json\/wp\/v2\/product_tag?post=2171"}],"curies":[{"name":"wp","href":"https:\/\/api.w.org\/{rel}","templated":true}]}}