{"id":2217,"date":"2024-04-29T15:11:57","date_gmt":"2024-04-29T14:11:57","guid":{"rendered":"https:\/\/utd-tunisia.com\/UTDprint\/?post_type=product&#038;p=2217"},"modified":"2024-04-29T15:11:57","modified_gmt":"2024-04-29T14:11:57","slug":"perforatrice-de-papier-manuel-yb-t30","status":"publish","type":"product","link":"https:\/\/utd-tunisia.com\/UTDprint\/produit\/perforatrice-de-papier-manuel-yb-t30\/","title":{"rendered":"PERFORATRICE DE PAPIER MANUEL &#8211; YB-T30"},"content":{"rendered":"<h4 style=\"text-align: center;\"><span style=\"color: #3366ff;\"><strong>PERFORATRICE DE PAPIER MANUEL &#8211; YB-T30<\/strong><\/span><\/h4>\n<ul>\n<li>Goupille de per\u00e7age de haute technologie.<\/li>\n<li>Capacit\u00e9 de perforation : 300 feuilles.<\/li>\n<li>R\u00e8gle mobile.<\/li>\n<li>Marge r\u00e9glable : 0-35mm.<\/li>\n<\/ul>\n","protected":false},"excerpt":{"rendered":"<p>Cet outil manuel perfore efficacement les piles de papier, de carton et de films. \u00c0 l&rsquo;aide d&rsquo;un levier manuel, cette machine peut perforer jusqu&rsquo;\u00e0 300 feuilles de papier (80 g\/m\u00b2) et collecter les d\u00e9chets dans un r\u00e9ceptacle situ\u00e9 \u00e0 l&rsquo;arri\u00e8re de l&rsquo;appareil. Les t\u00eates de coupe et les tables sont facilement interchangeables, et la profondeur de coupe est contr\u00f4l\u00e9e par une vis situ\u00e9e sur le dessus de l&rsquo;appareil. Un guide arri\u00e8re permet de r\u00e9gler l&#8217;emplacement du trou de 0 \u00e0 35 mm du bord de la feuille.<\/p>\n","protected":false},"featured_media":2220,"comment_status":"open","ping_status":"closed","template":"","meta":[],"product_cat":[43],"product_tag":[],"_links":{"self":[{"href":"https:\/\/utd-tunisia.com\/UTDprint\/wp-json\/wp\/v2\/product\/2217"}],"collection":[{"href":"https:\/\/utd-tunisia.com\/UTDprint\/wp-json\/wp\/v2\/product"}],"about":[{"href":"https:\/\/utd-tunisia.com\/UTDprint\/wp-json\/wp\/v2\/types\/product"}],"replies":[{"embeddable":true,"href":"https:\/\/utd-tunisia.com\/UTDprint\/wp-json\/wp\/v2\/comments?post=2217"}],"version-history":[{"count":2,"href":"https:\/\/utd-tunisia.com\/UTDprint\/wp-json\/wp\/v2\/product\/2217\/revisions"}],"predecessor-version":[{"id":2459,"href":"https:\/\/utd-tunisia.com\/UTDprint\/wp-json\/wp\/v2\/product\/2217\/revisions\/2459"}],"wp:featuredmedia":[{"embeddable":true,"href":"https:\/\/utd-tunisia.com\/UTDprint\/wp-json\/wp\/v2\/media\/2220"}],"wp:attachment":[{"href":"https:\/\/utd-tunisia.com\/UTDprint\/wp-json\/wp\/v2\/media?parent=2217"}],"wp:term":[{"taxonomy":"product_cat","embeddable":true,"href":"https:\/\/utd-tunisia.com\/UTDprint\/wp-json\/wp\/v2\/product_cat?post=2217"},{"taxonomy":"product_tag","embeddable":true,"href":"https:\/\/utd-tunisia.com\/UTDprint\/wp-json\/wp\/v2\/product_tag?post=2217"}],"curies":[{"name":"wp","href":"https:\/\/api.w.org\/{rel}","templated":true}]}}