{"id":2222,"date":"2024-05-13T12:32:14","date_gmt":"2024-05-13T11:32:14","guid":{"rendered":"https:\/\/utd-tunisia.com\/UTDprint\/?post_type=product&#038;p=2222"},"modified":"2024-05-13T12:32:14","modified_gmt":"2024-05-13T11:32:14","slug":"machine-a-poinconner-mc-hpm-g","status":"publish","type":"product","link":"https:\/\/utd-tunisia.com\/UTDprint\/produit\/machine-a-poinconner-mc-hpm-g\/","title":{"rendered":"MACHINE \u00c0 POIN\u00c7ONNER &#8211; MC-HPM-G"},"content":{"rendered":"<h4 style=\"text-align: center;\"><span style=\"color: #3366ff;\"><strong>MACHINE \u00c0 POIN\u00c7ONNER &#8211; MC-HPM-G<\/strong><\/span><\/h4>\n<ul>\n<li>Robuste, haute durabilit\u00e9.<\/li>\n<li>L\u00e9ger et facile \u00e0 transporter.<\/li>\n<li>Peut faire des trous loin du bord du mat\u00e9riau.<\/li>\n<li>Curseur de position r\u00e9glable aide \u00e0 localiser la position du trou avec pr\u00e9cision.<\/li>\n<li>La construction en acier dur assure la durabilit\u00e9.<\/li>\n<li>Peut faire des trous sur le papier, le pvc, le plastique, le carton, les feuilles d&rsquo;aluminium fines, etc<\/li>\n<\/ul>\n","protected":false},"excerpt":{"rendered":"<p>La machine \u00e0 perforer MC-HPM-G est un outil utilis\u00e9 pour cr\u00e9er des trous dans les feuilles de papier, le plastique, le pvc, le caoutchouc, le carton, l&rsquo;aluminium fin, etc.<\/p>\n","protected":false},"featured_media":2226,"comment_status":"open","ping_status":"closed","template":"","meta":[],"product_cat":[43],"product_tag":[],"_links":{"self":[{"href":"https:\/\/utd-tunisia.com\/UTDprint\/wp-json\/wp\/v2\/product\/2222"}],"collection":[{"href":"https:\/\/utd-tunisia.com\/UTDprint\/wp-json\/wp\/v2\/product"}],"about":[{"href":"https:\/\/utd-tunisia.com\/UTDprint\/wp-json\/wp\/v2\/types\/product"}],"replies":[{"embeddable":true,"href":"https:\/\/utd-tunisia.com\/UTDprint\/wp-json\/wp\/v2\/comments?post=2222"}],"version-history":[{"count":2,"href":"https:\/\/utd-tunisia.com\/UTDprint\/wp-json\/wp\/v2\/product\/2222\/revisions"}],"predecessor-version":[{"id":2501,"href":"https:\/\/utd-tunisia.com\/UTDprint\/wp-json\/wp\/v2\/product\/2222\/revisions\/2501"}],"wp:featuredmedia":[{"embeddable":true,"href":"https:\/\/utd-tunisia.com\/UTDprint\/wp-json\/wp\/v2\/media\/2226"}],"wp:attachment":[{"href":"https:\/\/utd-tunisia.com\/UTDprint\/wp-json\/wp\/v2\/media?parent=2222"}],"wp:term":[{"taxonomy":"product_cat","embeddable":true,"href":"https:\/\/utd-tunisia.com\/UTDprint\/wp-json\/wp\/v2\/product_cat?post=2222"},{"taxonomy":"product_tag","embeddable":true,"href":"https:\/\/utd-tunisia.com\/UTDprint\/wp-json\/wp\/v2\/product_tag?post=2222"}],"curies":[{"name":"wp","href":"https:\/\/api.w.org\/{rel}","templated":true}]}}