{"id":2233,"date":"2024-03-21T09:51:18","date_gmt":"2024-03-21T08:51:18","guid":{"rendered":"https:\/\/utd-tunisia.com\/UTDprint\/?post_type=product&#038;p=2233"},"modified":"2024-12-10T08:41:37","modified_gmt":"2024-12-10T07:41:37","slug":"mini-machine-a-pression-de-chaleur-ly-hp02","status":"publish","type":"product","link":"https:\/\/utd-tunisia.com\/UTDprint\/produit\/mini-machine-a-pression-de-chaleur-ly-hp02\/","title":{"rendered":"MINI MACHINE \u00c0 PRESSION DE CHALEUR &#8211; LY-HP02"},"content":{"rendered":"<h4 style=\"text-align: center;\"><span style=\"color: #3366ff;\"><strong>MINI MACHINE \u00c0 PRESSION DE CHALEUR &#8211; LY-HP02<\/strong><\/span><\/h4>\n<ul>\n<li>Parfait pour les projets de transfert de chaleur.<\/li>\n<li>Mini machine \u00e0 presser facile, tr\u00e8s petite et facile \u00e0 transporter.<\/li>\n<li>La Mini presse \u00e0 chaud s&rsquo;\u00e9teint automatiquement apr\u00e8s 10 minutes d&rsquo;inactivit\u00e9.<\/li>\n<li>Arr\u00eat automatique pour une utilisation en toute s\u00e9curit\u00e9.<\/li>\n<li>Peut chauffer plus uniform\u00e9ment et convient aux motifs personnalis\u00e9s sur la surface des chemises imprim\u00e9es, v\u00eatements, chapeaux, sacs \u00e0 main, masques, chaussettes, poup\u00e9es, \u00e9tui de t\u00e9l\u00e9phone, oreiller, etc.<\/li>\n<\/ul>\n<p>&nbsp;<\/p>\n","protected":false},"excerpt":{"rendered":"<p>La mini presse \u00e0 chaud peut \u00eatre utilis\u00e9e pour des projets de transfert de chaleur. Vous pouvez l&rsquo;offrir \u00e0 votre famille et \u00e0 vos amis lors de f\u00eates sp\u00e9ciales comme un anniversaire, No\u00ebl, la f\u00eate des m\u00e8res, etc.<\/p>\n","protected":false},"featured_media":2395,"comment_status":"open","ping_status":"closed","template":"","meta":[],"product_cat":[36],"product_tag":[],"_links":{"self":[{"href":"https:\/\/utd-tunisia.com\/UTDprint\/wp-json\/wp\/v2\/product\/2233"}],"collection":[{"href":"https:\/\/utd-tunisia.com\/UTDprint\/wp-json\/wp\/v2\/product"}],"about":[{"href":"https:\/\/utd-tunisia.com\/UTDprint\/wp-json\/wp\/v2\/types\/product"}],"replies":[{"embeddable":true,"href":"https:\/\/utd-tunisia.com\/UTDprint\/wp-json\/wp\/v2\/comments?post=2233"}],"version-history":[{"count":3,"href":"https:\/\/utd-tunisia.com\/UTDprint\/wp-json\/wp\/v2\/product\/2233\/revisions"}],"predecessor-version":[{"id":2508,"href":"https:\/\/utd-tunisia.com\/UTDprint\/wp-json\/wp\/v2\/product\/2233\/revisions\/2508"}],"wp:featuredmedia":[{"embeddable":true,"href":"https:\/\/utd-tunisia.com\/UTDprint\/wp-json\/wp\/v2\/media\/2395"}],"wp:attachment":[{"href":"https:\/\/utd-tunisia.com\/UTDprint\/wp-json\/wp\/v2\/media?parent=2233"}],"wp:term":[{"taxonomy":"product_cat","embeddable":true,"href":"https:\/\/utd-tunisia.com\/UTDprint\/wp-json\/wp\/v2\/product_cat?post=2233"},{"taxonomy":"product_tag","embeddable":true,"href":"https:\/\/utd-tunisia.com\/UTDprint\/wp-json\/wp\/v2\/product_tag?post=2233"}],"curies":[{"name":"wp","href":"https:\/\/api.w.org\/{rel}","templated":true}]}}