{"id":2250,"date":"2024-04-16T11:10:27","date_gmt":"2024-04-16T10:10:27","guid":{"rendered":"https:\/\/utd-tunisia.com\/UTDprint\/?post_type=product&#038;p=2250"},"modified":"2025-10-11T12:14:00","modified_gmt":"2025-10-11T11:14:00","slug":"rouleaux-de-plastification-mat-330200mm-25-microns-rp25m","status":"publish","type":"product","link":"https:\/\/utd-tunisia.com\/UTDprint\/produit\/rouleaux-de-plastification-mat-330200mm-25-microns-rp25m\/","title":{"rendered":"ROULEAUX DE PLASTIFICATION MAT 330*200MM &#8211; 25 microns &#8211; RP25M"},"content":{"rendered":"<h4 style=\"text-align: center;\"><span style=\"color: #3366ff;\"><strong>ROULEAUX DE PLASTIFICATION MAT 330*200MM &#8211; RP25M<\/strong><\/span><\/h4>\n<ul>\n<li>25 microns.<\/li>\n<li>33cm*200mm.<\/li>\n<li>Mat.<\/li>\n<li>Large Adaptabilit\u00e9.<\/li>\n<li>Haute Efficacit\u00e9.<\/li>\n<li>Excellente r\u00e9sistance.<\/li>\n<li>Transparent.<\/li>\n<\/ul>\n","protected":false},"excerpt":{"rendered":"<p><strong>Rouleau de film de stratification Mat 330x200m (25 micron)\u00a0<\/strong><\/p>\n<p>Le film de stratification thermique est particuli\u00e8rement bon \u00e0 stratifier sur le papier, am\u00e9liorant la texture et la rigidit\u00e9 des imprim\u00e9s, pour r\u00e9aliser l&rsquo;augmentation des cat\u00e9gories de mati\u00e8re imprim\u00e9e et fonction imperm\u00e9able, gardez l&rsquo;air de la surface des impressions, pour \u00e9viter la d\u00e9coloration et la conservation des long-sternes. C&rsquo;est le film id\u00e9al pour l&rsquo;impression \u00e0 jet d&rsquo;encre, l&rsquo;impression laser, l&rsquo;impression offset, l&rsquo;adaptation, l&rsquo;impression typographique, le polycopieur, la photo, la s\u00e9rigraphie, le papier \u00e0 lettres, etc.<\/p>\n","protected":false},"featured_media":2251,"comment_status":"open","ping_status":"closed","template":"","meta":[],"product_cat":[45,33],"product_tag":[],"_links":{"self":[{"href":"https:\/\/utd-tunisia.com\/UTDprint\/wp-json\/wp\/v2\/product\/2250"}],"collection":[{"href":"https:\/\/utd-tunisia.com\/UTDprint\/wp-json\/wp\/v2\/product"}],"about":[{"href":"https:\/\/utd-tunisia.com\/UTDprint\/wp-json\/wp\/v2\/types\/product"}],"replies":[{"embeddable":true,"href":"https:\/\/utd-tunisia.com\/UTDprint\/wp-json\/wp\/v2\/comments?post=2250"}],"version-history":[{"count":4,"href":"https:\/\/utd-tunisia.com\/UTDprint\/wp-json\/wp\/v2\/product\/2250\/revisions"}],"predecessor-version":[{"id":2393,"href":"https:\/\/utd-tunisia.com\/UTDprint\/wp-json\/wp\/v2\/product\/2250\/revisions\/2393"}],"wp:featuredmedia":[{"embeddable":true,"href":"https:\/\/utd-tunisia.com\/UTDprint\/wp-json\/wp\/v2\/media\/2251"}],"wp:attachment":[{"href":"https:\/\/utd-tunisia.com\/UTDprint\/wp-json\/wp\/v2\/media?parent=2250"}],"wp:term":[{"taxonomy":"product_cat","embeddable":true,"href":"https:\/\/utd-tunisia.com\/UTDprint\/wp-json\/wp\/v2\/product_cat?post=2250"},{"taxonomy":"product_tag","embeddable":true,"href":"https:\/\/utd-tunisia.com\/UTDprint\/wp-json\/wp\/v2\/product_tag?post=2250"}],"curies":[{"name":"wp","href":"https:\/\/api.w.org\/{rel}","templated":true}]}}