{"id":2259,"date":"2024-01-18T16:05:17","date_gmt":"2024-01-18T15:05:17","guid":{"rendered":"https:\/\/utd-tunisia.com\/UTDprint\/?post_type=product&#038;p=2259"},"modified":"2025-02-13T08:56:09","modified_gmt":"2025-02-13T07:56:09","slug":"rouleaux-de-plastification-mat-320200mm-rp18m","status":"publish","type":"product","link":"https:\/\/utd-tunisia.com\/UTDprint\/produit\/rouleaux-de-plastification-mat-320200mm-rp18m\/","title":{"rendered":"ROULEAUX DE PLASTIFICATION MAT 320*200MM -18 microns &#8211; RP18M"},"content":{"rendered":"<h4 style=\"text-align: center;\"><span style=\"color: #3366ff;\"><strong>ROULEAUX DE PLASTIFICATION MAT 320*200MM &#8211; RP18M<\/strong><\/span><\/h4>\n<p>Pourquoi choisir notre rouleau de film de plastification thermique ?<br \/>\nLe film de plastification est utilis\u00e9 dans les \u00e9coles, les entreprises, les usines et les magasins d&rsquo;enseignes personnalis\u00e9s. Excellent pour les impressions, les projets d&rsquo;art et d&rsquo;artisanat, les panneaux, les affiches et plus encore.<br \/>\nAlternative de haute qualit\u00e9 \u00e0 faible co\u00fbt con\u00e7ue pour le march\u00e9 de l&rsquo;\u00e9ducation. Id\u00e9al pour la plupart des stocks de papier, notre film de plastification adh\u00e8re \u00e0 la plupart des couches d&rsquo;encre. Ce film de plastification de haute qualit\u00e9 est le m\u00eame que celui utilis\u00e9 dans la plupart des bureaux, photocopies et imprimeries car il fonctionne parfaitement sur une vari\u00e9t\u00e9 de substances.<\/p>\n<ul>\n<li>Adh\u00e9sif \u00e0 haute r\u00e9sistance pour une plastification des deux c\u00f4t\u00e9s.<\/li>\n<li>Finition \u00e0 faible \u00e9blouissement id\u00e9ale pour la plastification de base.<\/li>\n<li>R\u00e9siste \u00e0 la p\u00e9n\u00e9tration par les produits chimiques, les graisses et les huiles.<\/li>\n<\/ul>\n<p><a href=\"https:\/\/utd-tunisia.com\/UTDprint\/wp-content\/uploads\/2024\/01\/RP18-1.pdf\">Fiche Technique RP18<\/a><\/p>\n","protected":false},"excerpt":{"rendered":"<p><strong>Rouleau de film de stratification Mat 320x200m (18 micron).<\/strong><\/p>\n<p>Le film de stratification thermique est particuli\u00e8rement bon \u00e0 stratifier sur le papier, am\u00e9liorant la texture et la rigidit\u00e9 des imprim\u00e9s, pour r\u00e9aliser l&rsquo;augmentation des cat\u00e9gories de mati\u00e8re imprim\u00e9e et fonction imperm\u00e9able, gardez l&rsquo;air de la surface des impressions, pour \u00e9viter la d\u00e9coloration et la conservation des long-sternes. C&rsquo;est le film id\u00e9al pour l&rsquo;impression \u00e0 jet d&rsquo;encre, l&rsquo;impression laser, l&rsquo;impression offset, l&rsquo;adaptation, l&rsquo;impression typographique, le polycopieur, la photo, la s\u00e9rigraphie, le papier \u00e0 lettres, etc.<\/p>\n<p><a href=\"https:\/\/utd-tunisia.com\/UTDprint\/wp-content\/uploads\/2024\/01\/RP18-1.pdf\">Fiche Technique RP18<\/a><\/p>\n","protected":false},"featured_media":2260,"comment_status":"open","ping_status":"closed","template":"","meta":[],"product_cat":[45,33],"product_tag":[],"_links":{"self":[{"href":"https:\/\/utd-tunisia.com\/UTDprint\/wp-json\/wp\/v2\/product\/2259"}],"collection":[{"href":"https:\/\/utd-tunisia.com\/UTDprint\/wp-json\/wp\/v2\/product"}],"about":[{"href":"https:\/\/utd-tunisia.com\/UTDprint\/wp-json\/wp\/v2\/types\/product"}],"replies":[{"embeddable":true,"href":"https:\/\/utd-tunisia.com\/UTDprint\/wp-json\/wp\/v2\/comments?post=2259"}],"version-history":[{"count":4,"href":"https:\/\/utd-tunisia.com\/UTDprint\/wp-json\/wp\/v2\/product\/2259\/revisions"}],"predecessor-version":[{"id":2390,"href":"https:\/\/utd-tunisia.com\/UTDprint\/wp-json\/wp\/v2\/product\/2259\/revisions\/2390"}],"wp:featuredmedia":[{"embeddable":true,"href":"https:\/\/utd-tunisia.com\/UTDprint\/wp-json\/wp\/v2\/media\/2260"}],"wp:attachment":[{"href":"https:\/\/utd-tunisia.com\/UTDprint\/wp-json\/wp\/v2\/media?parent=2259"}],"wp:term":[{"taxonomy":"product_cat","embeddable":true,"href":"https:\/\/utd-tunisia.com\/UTDprint\/wp-json\/wp\/v2\/product_cat?post=2259"},{"taxonomy":"product_tag","embeddable":true,"href":"https:\/\/utd-tunisia.com\/UTDprint\/wp-json\/wp\/v2\/product_tag?post=2259"}],"curies":[{"name":"wp","href":"https:\/\/api.w.org\/{rel}","templated":true}]}}