{"id":2347,"date":"2024-04-03T10:54:34","date_gmt":"2024-04-03T09:54:34","guid":{"rendered":"https:\/\/utd-tunisia.com\/UTDprint\/?post_type=product&#038;p=2347"},"modified":"2025-12-19T07:30:37","modified_gmt":"2025-12-19T06:30:37","slug":"imprimante-eco-solvant-1-6m-iec1-6m","status":"publish","type":"product","link":"https:\/\/utd-tunisia.com\/UTDprint\/produit\/imprimante-eco-solvant-1-6m-iec1-6m\/","title":{"rendered":"IMPRIMANTE \u00c9CO-SOLVANT 1.6M &#8211; IEC1.6M"},"content":{"rendered":"<h4 style=\"text-align: center;\"><span style=\"color: #3366ff;\"><strong>IMPRIMANTE \u00c9CO-SOLVANT 1.6M &#8211; IEC1.6M<\/strong><\/span><\/h4>\n<ul>\n<li>Prise en charge de l&rsquo;impression de 8\/12 couleurs.<\/li>\n<li>Offre une taille d&rsquo;impression maximale de 120m x 120m.<\/li>\n<li>Contr\u00f4le des couleurs vives et pr\u00e9servation de la teinte pure.<\/li>\n<li>Mode de traitement correspondant RVB et CMJN.<\/li>\n<li>Gestion de l&rsquo;\u00e9talonnage des profils ICC standards.<\/li>\n<li>La taille maximale du fichier est sup\u00e9rieure \u00e0 10 Go.<\/li>\n<li>HP, Epson, Canon, Roland, Mutoh, Mimaki, Kodak, etc.<\/li>\n<\/ul>\n","protected":false},"excerpt":{"rendered":"<p>Nous vous pr\u00e9sentons la merveilleuse imprimante \u00e0<strong> \u00e9co-solvant<\/strong> de <strong>1,6 m<\/strong>, un produit qui allie <strong>innovation<\/strong> et <strong>esth\u00e9tique<\/strong> de mani\u00e8re coh\u00e9rente. Avec son <strong>plan fluide<\/strong> et son<strong> utilit\u00e9 accrue<\/strong>, ce gadget hors du commun \u00e9tablit une norme exceptionnelle en mati\u00e8re d&rsquo;impression fabuleuse.<\/p>\n","protected":false},"featured_media":2348,"comment_status":"open","ping_status":"closed","template":"","meta":[],"product_cat":[46],"product_tag":[],"_links":{"self":[{"href":"https:\/\/utd-tunisia.com\/UTDprint\/wp-json\/wp\/v2\/product\/2347"}],"collection":[{"href":"https:\/\/utd-tunisia.com\/UTDprint\/wp-json\/wp\/v2\/product"}],"about":[{"href":"https:\/\/utd-tunisia.com\/UTDprint\/wp-json\/wp\/v2\/types\/product"}],"replies":[{"embeddable":true,"href":"https:\/\/utd-tunisia.com\/UTDprint\/wp-json\/wp\/v2\/comments?post=2347"}],"version-history":[{"count":3,"href":"https:\/\/utd-tunisia.com\/UTDprint\/wp-json\/wp\/v2\/product\/2347\/revisions"}],"predecessor-version":[{"id":2351,"href":"https:\/\/utd-tunisia.com\/UTDprint\/wp-json\/wp\/v2\/product\/2347\/revisions\/2351"}],"wp:featuredmedia":[{"embeddable":true,"href":"https:\/\/utd-tunisia.com\/UTDprint\/wp-json\/wp\/v2\/media\/2348"}],"wp:attachment":[{"href":"https:\/\/utd-tunisia.com\/UTDprint\/wp-json\/wp\/v2\/media?parent=2347"}],"wp:term":[{"taxonomy":"product_cat","embeddable":true,"href":"https:\/\/utd-tunisia.com\/UTDprint\/wp-json\/wp\/v2\/product_cat?post=2347"},{"taxonomy":"product_tag","embeddable":true,"href":"https:\/\/utd-tunisia.com\/UTDprint\/wp-json\/wp\/v2\/product_tag?post=2347"}],"curies":[{"name":"wp","href":"https:\/\/api.w.org\/{rel}","templated":true}]}}