{"id":2502,"date":"2024-05-27T15:29:57","date_gmt":"2024-05-27T14:29:57","guid":{"rendered":"https:\/\/utd-tunisia.com\/UTDprint\/?post_type=product&#038;p=2502"},"modified":"2026-04-18T09:40:20","modified_gmt":"2026-04-18T08:40:20","slug":"traceur-de-decoupe-721xe","status":"publish","type":"product","link":"https:\/\/utd-tunisia.com\/UTDprint\/produit\/traceur-de-decoupe-721xe\/","title":{"rendered":"TRACEUR DE D\u00c9COUPE &#8211; 721XE"},"content":{"rendered":"<h4 style=\"text-align: center;\"><span style=\"color: #3366ff;\"><strong>TRACEUR DE D\u00c9COUPE &#8211; 721XE<\/strong><\/span><\/h4>\n<p>Le traceur de d\u00e9coupe <strong>721XE<\/strong> offre au client une qualit\u00e9 de d\u00e9coupe \u00e9lev\u00e9e et des machines rentables.<\/p>\n","protected":false},"excerpt":{"rendered":"<ul>\n<li>Pr\u00e9cision sup\u00e9rieure et haute vitesse.<\/li>\n<li>Faible bruit et haute pr\u00e9cision<\/li>\n<li>Haute rigidit\u00e9 et durabilit\u00e9<\/li>\n<li>Contr\u00f4le en temps r\u00e9el de la vitesse du moteur et de la force de coupe.<\/li>\n<\/ul>\n","protected":false},"featured_media":2504,"comment_status":"open","ping_status":"closed","template":"","meta":[],"product_cat":[34],"product_tag":[],"_links":{"self":[{"href":"https:\/\/utd-tunisia.com\/UTDprint\/wp-json\/wp\/v2\/product\/2502"}],"collection":[{"href":"https:\/\/utd-tunisia.com\/UTDprint\/wp-json\/wp\/v2\/product"}],"about":[{"href":"https:\/\/utd-tunisia.com\/UTDprint\/wp-json\/wp\/v2\/types\/product"}],"replies":[{"embeddable":true,"href":"https:\/\/utd-tunisia.com\/UTDprint\/wp-json\/wp\/v2\/comments?post=2502"}],"version-history":[{"count":2,"href":"https:\/\/utd-tunisia.com\/UTDprint\/wp-json\/wp\/v2\/product\/2502\/revisions"}],"predecessor-version":[{"id":2505,"href":"https:\/\/utd-tunisia.com\/UTDprint\/wp-json\/wp\/v2\/product\/2502\/revisions\/2505"}],"wp:featuredmedia":[{"embeddable":true,"href":"https:\/\/utd-tunisia.com\/UTDprint\/wp-json\/wp\/v2\/media\/2504"}],"wp:attachment":[{"href":"https:\/\/utd-tunisia.com\/UTDprint\/wp-json\/wp\/v2\/media?parent=2502"}],"wp:term":[{"taxonomy":"product_cat","embeddable":true,"href":"https:\/\/utd-tunisia.com\/UTDprint\/wp-json\/wp\/v2\/product_cat?post=2502"},{"taxonomy":"product_tag","embeddable":true,"href":"https:\/\/utd-tunisia.com\/UTDprint\/wp-json\/wp\/v2\/product_tag?post=2502"}],"curies":[{"name":"wp","href":"https:\/\/api.w.org\/{rel}","templated":true}]}}