{"id":2591,"date":"2025-03-19T10:26:45","date_gmt":"2025-03-19T09:26:45","guid":{"rendered":"https:\/\/utd-tunisia.com\/UTDprint\/?post_type=product&#038;p=2591"},"modified":"2025-11-18T12:45:45","modified_gmt":"2025-11-18T11:45:45","slug":"plastifieuse-a-froid-manuelle-lbs1300ii","status":"publish","type":"product","link":"https:\/\/utd-tunisia.com\/UTDprint\/produit\/plastifieuse-a-froid-manuelle-lbs1300ii\/","title":{"rendered":"PLASTIFIEUSE \u00c0 FROID MANUELLE &#8211; LBS1300II"},"content":{"rendered":"<h4 style=\"text-align: center;\"><span style=\"color: #3366ff;\"><strong>PLASTIFIEUSE \u00c0 FROID MANUELLE &#8211; LBS1300II<\/strong><\/span><\/h4>\n<ul>\n<li>Acier de haute qualit\u00e9 et caoutchouc r\u00e9sistant \u00e0 l&rsquo;usure pour rouleau.<\/li>\n<li>Vitesse et pression r\u00e9glables par vous-m\u00eame op\u00e9ration.<\/li>\n<li>Cadre enti\u00e8rement m\u00e9tallique, plus durable que les autres marques.<\/li>\n<li>Facile \u00e0 manipuler, pas besoin de formation professionnelle.<\/li>\n<li>Structure simple, rentable.<\/li>\n<\/ul>\n","protected":false},"excerpt":{"rendered":"<p>Id\u00e9al pour la plastification et le montage de photographie, peinture, affiche, menu, brochure.<\/p>\n<p>Manuel, pas d&rsquo;\u00e9lectricit\u00e9 n\u00e9cessaire, exp\u00e9rience de plastification plus s\u00fbre.<\/p>\n","protected":false},"featured_media":2592,"comment_status":"open","ping_status":"closed","template":"","meta":[],"product_cat":[33],"product_tag":[],"_links":{"self":[{"href":"https:\/\/utd-tunisia.com\/UTDprint\/wp-json\/wp\/v2\/product\/2591"}],"collection":[{"href":"https:\/\/utd-tunisia.com\/UTDprint\/wp-json\/wp\/v2\/product"}],"about":[{"href":"https:\/\/utd-tunisia.com\/UTDprint\/wp-json\/wp\/v2\/types\/product"}],"replies":[{"embeddable":true,"href":"https:\/\/utd-tunisia.com\/UTDprint\/wp-json\/wp\/v2\/comments?post=2591"}],"version-history":[{"count":1,"href":"https:\/\/utd-tunisia.com\/UTDprint\/wp-json\/wp\/v2\/product\/2591\/revisions"}],"predecessor-version":[{"id":2594,"href":"https:\/\/utd-tunisia.com\/UTDprint\/wp-json\/wp\/v2\/product\/2591\/revisions\/2594"}],"wp:featuredmedia":[{"embeddable":true,"href":"https:\/\/utd-tunisia.com\/UTDprint\/wp-json\/wp\/v2\/media\/2592"}],"wp:attachment":[{"href":"https:\/\/utd-tunisia.com\/UTDprint\/wp-json\/wp\/v2\/media?parent=2591"}],"wp:term":[{"taxonomy":"product_cat","embeddable":true,"href":"https:\/\/utd-tunisia.com\/UTDprint\/wp-json\/wp\/v2\/product_cat?post=2591"},{"taxonomy":"product_tag","embeddable":true,"href":"https:\/\/utd-tunisia.com\/UTDprint\/wp-json\/wp\/v2\/product_tag?post=2591"}],"curies":[{"name":"wp","href":"https:\/\/api.w.org\/{rel}","templated":true}]}}