{"id":2613,"date":"2025-10-31T09:25:20","date_gmt":"2025-10-31T08:25:20","guid":{"rendered":"https:\/\/utd-tunisia.com\/UTDprint\/?post_type=product&#038;p=2613"},"modified":"2026-01-13T11:30:08","modified_gmt":"2026-01-13T10:30:08","slug":"agrafeuse-a-bras-long-a3-aga3","status":"publish","type":"product","link":"https:\/\/utd-tunisia.com\/UTDprint\/produit\/agrafeuse-a-bras-long-a3-aga3\/","title":{"rendered":"AGRAFEUSE \u00c0 BRAS LONG A3 &#8211; AGA3"},"content":{"rendered":"<h4 style=\"text-align: center;\"><span style=\"color: #3366ff;\"><strong>Agrafeuse \u00e0 bras long A3 &#8211; AGA3<\/strong><\/span><\/h4>\n<p>&nbsp;<\/p>\n<ul>\n<li>Permet d\u2019agrafer au centre des feuilles A3, A4 et formats personnalis\u00e9s.<\/li>\n<li>Structure solide et durable.<\/li>\n<li>Pr\u00e9cision optimale gr\u00e2ce \u00e0 la but\u00e9e r\u00e9glable.<\/li>\n<li>Poign\u00e9e confortable pour une utilisation prolong\u00e9e.<\/li>\n<li>Id\u00e9ale pour bureaux, \u00e9coles, imprimeries et ateliers de reliure.<\/li>\n<\/ul>\n","protected":false},"excerpt":{"rendered":"<p><strong>L\u2019agrafeuse \u00e0 bras long A3 &#8211; AGA3<\/strong> est con\u00e7ue pour la reliure de documents de grand format et la cr\u00e9ation de <strong>livrets<\/strong>, <strong>brochures<\/strong> ou <strong>catalogues<\/strong>. Gr\u00e2ce \u00e0 son bras allong\u00e9 et sa but\u00e9e r\u00e9glable, elle permet un agrafage pr\u00e9cis m\u00eame au centre des feuilles de <strong>grand format<\/strong>.<\/p>\n","protected":false},"featured_media":2618,"comment_status":"open","ping_status":"closed","template":"","meta":[],"product_cat":[42],"product_tag":[],"_links":{"self":[{"href":"https:\/\/utd-tunisia.com\/UTDprint\/wp-json\/wp\/v2\/product\/2613"}],"collection":[{"href":"https:\/\/utd-tunisia.com\/UTDprint\/wp-json\/wp\/v2\/product"}],"about":[{"href":"https:\/\/utd-tunisia.com\/UTDprint\/wp-json\/wp\/v2\/types\/product"}],"replies":[{"embeddable":true,"href":"https:\/\/utd-tunisia.com\/UTDprint\/wp-json\/wp\/v2\/comments?post=2613"}],"version-history":[{"count":3,"href":"https:\/\/utd-tunisia.com\/UTDprint\/wp-json\/wp\/v2\/product\/2613\/revisions"}],"predecessor-version":[{"id":2639,"href":"https:\/\/utd-tunisia.com\/UTDprint\/wp-json\/wp\/v2\/product\/2613\/revisions\/2639"}],"wp:featuredmedia":[{"embeddable":true,"href":"https:\/\/utd-tunisia.com\/UTDprint\/wp-json\/wp\/v2\/media\/2618"}],"wp:attachment":[{"href":"https:\/\/utd-tunisia.com\/UTDprint\/wp-json\/wp\/v2\/media?parent=2613"}],"wp:term":[{"taxonomy":"product_cat","embeddable":true,"href":"https:\/\/utd-tunisia.com\/UTDprint\/wp-json\/wp\/v2\/product_cat?post=2613"},{"taxonomy":"product_tag","embeddable":true,"href":"https:\/\/utd-tunisia.com\/UTDprint\/wp-json\/wp\/v2\/product_tag?post=2613"}],"curies":[{"name":"wp","href":"https:\/\/api.w.org\/{rel}","templated":true}]}}